{"id":61,"date":"2020-10-28T13:15:49","date_gmt":"2020-10-28T12:15:49","guid":{"rendered":"http:\/\/www.graciededieuavocats.com\/mesmerize-6\/"},"modified":"2026-01-06T12:26:02","modified_gmt":"2026-01-06T11:26:02","slug":"mesmerize-6","status":"publish","type":"page","link":"https:\/\/www.graciededieuavocats.com\/","title":{"rendered":"Front Page"},"content":{"rendered":"<script>\n\twindow.SGPMPopupLoader=window.SGPMPopupLoader||{ids:[],popups:{},call:function(w,d,s,l,id){\n\t\tw['sgp']=w['sgp']||function(){(w['sgp'].q=w['sgp'].q||[]).push(arguments[0]);}; \n\t\tvar sg1=d.createElement(s),sg0=d.getElementsByTagName(s)[0];\n\t\tif(SGPMPopupLoader && SGPMPopupLoader.ids && SGPMPopupLoader.ids.length > 0){SGPMPopupLoader.ids.push(id); return;}\n\t\tSGPMPopupLoader.ids.push(id);\n\t\tsg1.onload = function(){SGPMPopup.openSGPMPopup();}; sg1.async=true; sg1.src=l;\n\t\tsg0.parentNode.insertBefore(sg1,sg0);\n\t\treturn {};\n\t}};\n\tSGPMPopupLoader.call(window,document,'script','https:\/\/popupmaker.com\/assets\/lib\/SGPMPopup.min.js','474b3e917558');\n<\/script>\n<div  id=\"overlappable-1\" data-label=\"Overlappable\" data-id=\"overlappable-7-mc\" data-export-id=\"overlappable-7-mc\" data-category=\"overlappable\" class=\"overlappable-7-mc content-section content-section-spacing\" data-overlap=\"true\">\n<div  class=\"gridContainer\">\n<div  data-type=\"row\" class=\"row shadow\">\n<div  class=\"col-xs-12 col-sm-6 col-md-3 col-padding-small col-padding-small-xs bg-color-white\">\n<div  class=\"text-center\">\n<div  class=\"col-xs-12 col-sm-fit space-bottom-small-xs\"><a  data-cp-link=\"1\" href=\"https:\/\/www.graciededieuavocats.com?page_id=320\" target=\"_blank\" rel=\"noopener noreferrer\"><i  class=\"fa icon color-black fa-handshake-o large\"><\/i><\/a><\/div>\n<div  data-type=\"column\" class=\"col-xs-12 col-sm\">\n<h4  class=\"\">DROIT DES AFFAIRES<\/h4>\n<p  class=\"\">Le cabinet vous assiste dans le suivi juridique des soci\u00e9t\u00e9s commerciales et civiles.<\/p>\n<\/div>\n<\/div>\n<\/div>\n<div  class=\"col-xs-12 col-sm-6 col-md-3 col-padding-small col-padding-small-xs bg-color-white\">\n<div  class=\"text-center\">\n<div  class=\"col-xs-12 col-sm-fit space-bottom-small-xs\"> <a  data-cp-link=\"1\" href=\"https:\/\/www.graciededieuavocats.com?page_id=428\" target=\"_blank\" rel=\"noopener\"><i  class=\"fa icon color-black fa-building large\"><\/i><\/a><\/div>\n<div  data-type=\"column\" class=\"col-xs-12 col-sm\">\n<h4  class=\"\">DROIT DES SOCIETES<\/h4>\n<p  class=\"\">Nous s\u00e9curisons votre structure<\/p>\n<\/div>\n<\/div>\n<\/div>\n<div  class=\"col-xs-12 col-sm-6 col-md-3 col-padding-small col-padding-small-xs bg-color-white\">\n<div  class=\"text-center\">\n<div  class=\"col-xs-12 col-sm-fit space-bottom-small-xs\"> <a  data-cp-link=\"1\" href=\"https:\/\/www.graciededieuavocats.com?page_id=433\" target=\"_blank\" rel=\"noopener\"><i  class=\"fa icon color-black fa-edit large\"><\/i><\/a><\/div>\n<div  data-type=\"column\" class=\"col-xs-12 col-sm\">\n<h4  class=\"\">DROIT DES CONTRATS<\/h4>\n<p  class=\"\">Le cabinet vous accompagne dans la r\u00e9daction, la n\u00e9gociation et l\u2019ex\u00e9cution de vos contrats<\/p>\n<\/div>\n<\/div>\n<\/div>\n<div  class=\"col-xs-12 col-sm-6 col-md-3 col-padding-small col-padding-small-xs bg-color-white\">\n<div  class=\"text-center\">\n<div  class=\"col-xs-12 col-sm-fit space-bottom-small-xs\"> <a  data-cp-link=\"1\" href=\"https:\/\/www.graciededieuavocats.com?page_id=438\" target=\"_blank\" rel=\"noopener\"><i  class=\"fa icon color-black fa-linode large\"><\/i><\/a><\/div>\n<div  data-type=\"column\" class=\"col-xs-12 col-sm\">\n<h4  class=\"\">ACQUISITION, CESSION<\/h4>\n<p  class=\"\">Nous intervenons en amont, avec un accompagnement strat\u00e9gique<\/p>\n<\/div>\n<\/div>\n<\/div>\n<div  class=\"col-xs-12 col-sm-6 col-md-3 col-padding-small col-padding-small-xs bg-color-white\">\n<div  class=\"text-center\">\n<div  class=\"col-xs-12 col-sm-fit space-bottom-small-xs\"><a  data-cp-link=\"1\" href=\"https:\/\/www.graciededieuavocats.com?page_id=433\" target=\"_blank\" rel=\"noopener noreferrer\"><i  class=\"fa icon color-black fa-home large\"><\/i><\/a><\/div>\n<div  data-type=\"column\" class=\"col-xs-12 col-sm\">\n<h4  class=\"\">BAUX COMMERCIAUX<\/h4>\n<p  class=\"\">Le cabinet vous conseille, dans le cadre d\u2019une expertise pr\u00e9cise.<\/p>\n<\/div>\n<\/div>\n<\/div>\n<div  class=\"col-xs-12 col-sm-6 col-md-3 col-padding-small col-padding-small-xs bg-color-white\">\n<div  class=\"text-center\">\n<div  class=\"col-xs-12 col-sm-fit space-bottom-small-xs\"><a  data-cp-link=\"1\" href=\"https:\/\/www.graciededieuavocats.com?page_id=318\" target=\"_blank\" rel=\"noopener noreferrer\"><i  class=\"fa icon color-black fa-home large\"><\/i><\/a><\/div>\n<div  data-type=\"column\" class=\"col-xs-12 col-sm\">\n<h4  class=\"\">DROIT DE LA COPROPRIETE<\/h4>\n<p  class=\"\">Le cabinet vous conseille, et vous assiste dans le cadre de tous litiges et\/ou en mati\u00e8re de conseil.<\/p>\n<\/div>\n<\/div>\n<\/div>\n\n<div  class=\"col-xs-12 col-sm-6 col-md-3 col-padding-small col-padding-small-xs bg-color-white\">\n<div  class=\"text-center\">\n<div  class=\"col-xs-12 col-sm-fit space-bottom-small-xs\"><a  data-cp-link=\"1\" href=\"https:\/\/www.graciededieuavocats.com?page_id=322\" target=\"_blank\" rel=\"noopener noreferrer\"><i  class=\"fa icon color-black fa-plane large\"><\/i><\/a><\/div>\n<div  data-type=\"column\" class=\"col-xs-12 col-sm\">\n<h4  class=\"\">DROIT DU TOURISME<\/h4>\n<p  class=\"\">Le cabinet vous assiste dans le cadre de l\u2019application et du respect, du code du Tourisme.<\/p>\n<\/div>\n<\/div>\n<\/div>\n<\/div>\n<\/div>\n<\/div><div  id=\"about-1\" style=\"background-color: #ffffff;\" data-label=\"About\" data-id=\"about-images-right-section-mc\" data-export-id=\"about-images-right-section-mc\" data-category=\"about\" class=\"about-images-right-section content-section content-section-spacing\">\n<div  class=\"gridContainer\">\n<div  class=\"row middle-sm text-center\">\n<div  class=\"col-sm-5 content-left-sm\" data-type=\"column\">\n<h5  class=\"\">FLORENCE GRACIE-DEDIEU, AVOCATE A LA COUR<\/h5>\n<h2  class=\"\" style=\"border-bottom-color: rgb(97, 97, 97);\"><font  face=\"Playfair Display, sans-serif\"><b ><i >Mon point de vue<\/i><\/b><\/font><\/h2>\n<p  class=\"\">\u00ab&nbsp;Notre m\u00e9tier est en pleine mutation. La multi activit\u00e9 de l\u2019avocat affaiblie la technicit\u00e9. La cr\u00e9ation des p\u00f4les de comp\u00e9tence favorise, la r\u00e9activit\u00e9 de l\u2019avocat, la qualit\u00e9 d\u2019analyse du dossier, et le choix de la strat\u00e9gie mise en \u0153uvre, au service d\u2019un cabinet multi comp\u00e9tences.&nbsp;\u00bb<\/p>\n<\/div>\n<div  class=\"col-sm-7 space-bottom-xs\">\n<figure ><a  data-cp-link=\"1\" href=\"https:\/\/www.graciededieuavocats.com\/cabinet-paris\" target=\"_self\" rel=\"noopener noreferrer\"><img  decoding=\"async\" class=\"topimg shadow-large\" src=\"http:\/\/www.graciededieuavocats.com\/wp-content\/uploads\/2020\/10\/cropped-IMG_2756-rotated-7.jpg\" alt=\"\" title=\"cropped-IMG_2756-rotated-7.jpg\"><\/a><\/figure><figure ><img  decoding=\"async\" class=\"rightimg shadow-large\" src=\"https:\/\/www.graciededieuavocats.com\/wp-content\/uploads\/2023\/03\/cropped-accueil_tlse.jpg\" alt=\"Accueil de Toulouse\" title=\"Accueil de Toulouse\"><\/figure><div  class=\"image-group-side-3-img\">  <p ><\/p>\n<figure ><img  decoding=\"async\" class=\"shadow-large\" src=\"https:\/\/www.graciededieuavocats.com\/wp-content\/uploads\/2025\/03\/F_GracieDedieu-scaled.jpg\" alt=\"\" title=\"Ma\u00eetre Florence Graci\u00e9 Dedieu\"><\/figure><div  class=\"leftimg\"> <\/div>\n<\/div>\n<\/div>\n<\/div>\n<\/div>\n<\/div>","protected":false},"excerpt":{"rendered":"<p>DROIT DES AFFAIRES Le cabinet vous assiste dans le suivi juridique des soci\u00e9t\u00e9s commerciales et civiles. DROIT DES SOCIETES Nous s\u00e9curisons votre structure DROIT DES CONTRATS Le cabinet vous accompagne dans la r\u00e9daction, la n\u00e9gociation et l\u2019ex\u00e9cution de vos contrats ACQUISITION, CESSION Nous intervenons en amont, avec un accompagnement strat\u00e9gique BAUX COMMERCIAUX Le cabinet vous&hellip; <br \/> <a class=\"read-more\" href=\"https:\/\/www.graciededieuavocats.com\/\">Lire la suite<\/a><\/p>\n","protected":false},"author":1,"featured_media":0,"parent":0,"menu_order":0,"comment_status":"closed","ping_status":"closed","template":"page-templates\/homepage.php","meta":{"footnotes":""},"class_list":["post-61","page","type-page","status-publish","hentry"],"yoast_head":"<!-- This site is optimized with the Yoast SEO plugin v25.5 - https:\/\/yoast.com\/wordpress\/plugins\/seo\/ -->\n<title>Front Page - Arcavocats Cabinet Graci\u00e9-Dedieu<\/title>\n<meta name=\"robots\" content=\"index, follow, max-snippet:-1, max-image-preview:large, max-video-preview:-1\" \/>\n<link rel=\"canonical\" href=\"https:\/\/www.graciededieuavocats.com\/\" \/>\n<meta property=\"og:locale\" content=\"fr_FR\" \/>\n<meta property=\"og:type\" content=\"article\" \/>\n<meta property=\"og:title\" content=\"Front Page - Arcavocats Cabinet Graci\u00e9-Dedieu\" \/>\n<meta property=\"og:description\" content=\"DROIT DES AFFAIRES Le cabinet vous assiste dans le suivi juridique des soci\u00e9t\u00e9s commerciales et civiles. DROIT DES SOCIETES Nous s\u00e9curisons votre structure DROIT DES CONTRATS Le cabinet vous accompagne dans la r\u00e9daction, la n\u00e9gociation et l\u2019ex\u00e9cution de vos contrats ACQUISITION, CESSION Nous intervenons en amont, avec un accompagnement strat\u00e9gique BAUX COMMERCIAUX Le cabinet vous&hellip; Lire la suite\" \/>\n<meta property=\"og:url\" content=\"https:\/\/www.graciededieuavocats.com\/\" \/>\n<meta property=\"og:site_name\" content=\"Arcavocats Cabinet Graci\u00e9-Dedieu\" \/>\n<meta property=\"article:modified_time\" content=\"2026-01-06T11:26:02+00:00\" \/>\n<meta property=\"og:image\" content=\"http:\/\/www.graciededieuavocats.com\/wp-content\/uploads\/2020\/10\/cropped-IMG_2756-rotated-7.jpg\" \/>\n<meta name=\"twitter:card\" content=\"summary_large_image\" \/>\n<meta name=\"twitter:label1\" content=\"Dur\u00e9e de lecture estim\u00e9e\" \/>\n\t<meta name=\"twitter:data1\" content=\"2 minutes\" \/>\n<script type=\"application\/ld+json\" class=\"yoast-schema-graph\">{\"@context\":\"https:\/\/schema.org\",\"@graph\":[{\"@type\":\"WebPage\",\"@id\":\"https:\/\/www.graciededieuavocats.com\/\",\"url\":\"https:\/\/www.graciededieuavocats.com\/\",\"name\":\"Front Page - Arcavocats Cabinet Graci\u00e9-Dedieu\",\"isPartOf\":{\"@id\":\"https:\/\/www.graciededieuavocats.com\/#website\"},\"primaryImageOfPage\":{\"@id\":\"https:\/\/www.graciededieuavocats.com\/#primaryimage\"},\"image\":{\"@id\":\"https:\/\/www.graciededieuavocats.com\/#primaryimage\"},\"thumbnailUrl\":\"http:\/\/www.graciededieuavocats.com\/wp-content\/uploads\/2020\/10\/cropped-IMG_2756-rotated-7.jpg\",\"datePublished\":\"2020-10-28T12:15:49+00:00\",\"dateModified\":\"2026-01-06T11:26:02+00:00\",\"breadcrumb\":{\"@id\":\"https:\/\/www.graciededieuavocats.com\/#breadcrumb\"},\"inLanguage\":\"fr-FR\",\"potentialAction\":[{\"@type\":\"ReadAction\",\"target\":[\"https:\/\/www.graciededieuavocats.com\/\"]}]},{\"@type\":\"ImageObject\",\"inLanguage\":\"fr-FR\",\"@id\":\"https:\/\/www.graciededieuavocats.com\/#primaryimage\",\"url\":\"https:\/\/www.graciededieuavocats.com\/wp-content\/uploads\/2020\/10\/cropped-IMG_2756-rotated-7.jpg\",\"contentUrl\":\"https:\/\/www.graciededieuavocats.com\/wp-content\/uploads\/2020\/10\/cropped-IMG_2756-rotated-7.jpg\",\"width\":480,\"height\":321},{\"@type\":\"BreadcrumbList\",\"@id\":\"https:\/\/www.graciededieuavocats.com\/#breadcrumb\",\"itemListElement\":[{\"@type\":\"ListItem\",\"position\":1,\"name\":\"Accueil\",\"item\":\"https:\/\/www.graciededieuavocats.com\/\"},{\"@type\":\"ListItem\",\"position\":2,\"name\":\"Front Page\"}]},{\"@type\":\"WebSite\",\"@id\":\"https:\/\/www.graciededieuavocats.com\/#website\",\"url\":\"https:\/\/www.graciededieuavocats.com\/\",\"name\":\"Arcavocats Cabinet Graci\u00e9-Dedieu\",\"description\":\"Avocate \u00e0 la cour\",\"potentialAction\":[{\"@type\":\"SearchAction\",\"target\":{\"@type\":\"EntryPoint\",\"urlTemplate\":\"https:\/\/www.graciededieuavocats.com\/?s={search_term_string}\"},\"query-input\":{\"@type\":\"PropertyValueSpecification\",\"valueRequired\":true,\"valueName\":\"search_term_string\"}}],\"inLanguage\":\"fr-FR\"}]}<\/script>\n<!-- \/ Yoast SEO plugin. -->","yoast_head_json":{"title":"Front Page - Arcavocats Cabinet Graci\u00e9-Dedieu","robots":{"index":"index","follow":"follow","max-snippet":"max-snippet:-1","max-image-preview":"max-image-preview:large","max-video-preview":"max-video-preview:-1"},"canonical":"https:\/\/www.graciededieuavocats.com\/","og_locale":"fr_FR","og_type":"article","og_title":"Front Page - Arcavocats Cabinet Graci\u00e9-Dedieu","og_description":"DROIT DES AFFAIRES Le cabinet vous assiste dans le suivi juridique des soci\u00e9t\u00e9s commerciales et civiles. DROIT DES SOCIETES Nous s\u00e9curisons votre structure DROIT DES CONTRATS Le cabinet vous accompagne dans la r\u00e9daction, la n\u00e9gociation et l\u2019ex\u00e9cution de vos contrats ACQUISITION, CESSION Nous intervenons en amont, avec un accompagnement strat\u00e9gique BAUX COMMERCIAUX Le cabinet vous&hellip; Lire la suite","og_url":"https:\/\/www.graciededieuavocats.com\/","og_site_name":"Arcavocats Cabinet Graci\u00e9-Dedieu","article_modified_time":"2026-01-06T11:26:02+00:00","og_image":[{"url":"http:\/\/www.graciededieuavocats.com\/wp-content\/uploads\/2020\/10\/cropped-IMG_2756-rotated-7.jpg","type":"","width":"","height":""}],"twitter_card":"summary_large_image","twitter_misc":{"Dur\u00e9e de lecture estim\u00e9e":"2 minutes"},"schema":{"@context":"https:\/\/schema.org","@graph":[{"@type":"WebPage","@id":"https:\/\/www.graciededieuavocats.com\/","url":"https:\/\/www.graciededieuavocats.com\/","name":"Front Page - Arcavocats Cabinet Graci\u00e9-Dedieu","isPartOf":{"@id":"https:\/\/www.graciededieuavocats.com\/#website"},"primaryImageOfPage":{"@id":"https:\/\/www.graciededieuavocats.com\/#primaryimage"},"image":{"@id":"https:\/\/www.graciededieuavocats.com\/#primaryimage"},"thumbnailUrl":"http:\/\/www.graciededieuavocats.com\/wp-content\/uploads\/2020\/10\/cropped-IMG_2756-rotated-7.jpg","datePublished":"2020-10-28T12:15:49+00:00","dateModified":"2026-01-06T11:26:02+00:00","breadcrumb":{"@id":"https:\/\/www.graciededieuavocats.com\/#breadcrumb"},"inLanguage":"fr-FR","potentialAction":[{"@type":"ReadAction","target":["https:\/\/www.graciededieuavocats.com\/"]}]},{"@type":"ImageObject","inLanguage":"fr-FR","@id":"https:\/\/www.graciededieuavocats.com\/#primaryimage","url":"https:\/\/www.graciededieuavocats.com\/wp-content\/uploads\/2020\/10\/cropped-IMG_2756-rotated-7.jpg","contentUrl":"https:\/\/www.graciededieuavocats.com\/wp-content\/uploads\/2020\/10\/cropped-IMG_2756-rotated-7.jpg","width":480,"height":321},{"@type":"BreadcrumbList","@id":"https:\/\/www.graciededieuavocats.com\/#breadcrumb","itemListElement":[{"@type":"ListItem","position":1,"name":"Accueil","item":"https:\/\/www.graciededieuavocats.com\/"},{"@type":"ListItem","position":2,"name":"Front Page"}]},{"@type":"WebSite","@id":"https:\/\/www.graciededieuavocats.com\/#website","url":"https:\/\/www.graciededieuavocats.com\/","name":"Arcavocats Cabinet Graci\u00e9-Dedieu","description":"Avocate \u00e0 la cour","potentialAction":[{"@type":"SearchAction","target":{"@type":"EntryPoint","urlTemplate":"https:\/\/www.graciededieuavocats.com\/?s={search_term_string}"},"query-input":{"@type":"PropertyValueSpecification","valueRequired":true,"valueName":"search_term_string"}}],"inLanguage":"fr-FR"}]}},"_links":{"self":[{"href":"https:\/\/www.graciededieuavocats.com\/index.php?rest_route=\/wp\/v2\/pages\/61","targetHints":{"allow":["GET"]}}],"collection":[{"href":"https:\/\/www.graciededieuavocats.com\/index.php?rest_route=\/wp\/v2\/pages"}],"about":[{"href":"https:\/\/www.graciededieuavocats.com\/index.php?rest_route=\/wp\/v2\/types\/page"}],"author":[{"embeddable":true,"href":"https:\/\/www.graciededieuavocats.com\/index.php?rest_route=\/wp\/v2\/users\/1"}],"replies":[{"embeddable":true,"href":"https:\/\/www.graciededieuavocats.com\/index.php?rest_route=%2Fwp%2Fv2%2Fcomments&post=61"}],"version-history":[{"count":0,"href":"https:\/\/www.graciededieuavocats.com\/index.php?rest_route=\/wp\/v2\/pages\/61\/revisions"}],"wp:attachment":[{"href":"https:\/\/www.graciededieuavocats.com\/index.php?rest_route=%2Fwp%2Fv2%2Fmedia&parent=61"}],"curies":[{"name":"wp","href":"https:\/\/api.w.org\/{rel}","templated":true}]}}