{"id":438,"date":"2026-01-05T18:31:21","date_gmt":"2026-01-05T17:31:21","guid":{"rendered":"https:\/\/www.graciededieuavocats.com\/?page_id=438"},"modified":"2026-01-05T18:45:17","modified_gmt":"2026-01-05T17:45:17","slug":"acquisition-cession","status":"publish","type":"page","link":"https:\/\/www.graciededieuavocats.com\/?page_id=438","title":{"rendered":"ACQUISITION, CESSION"},"content":{"rendered":"\n<h2 class=\"wp-block-heading has-large-font-size\"><strong>ACQUISITION, CESSION<\/strong><\/h2>\n\n\n\n<div class=\"wp-block-media-text alignwide is-stacked-on-mobile\" style=\"grid-template-columns:37% auto\"><figure class=\"wp-block-media-text__media\"><img loading=\"lazy\" decoding=\"async\" width=\"1024\" height=\"617\" src=\"https:\/\/www.graciededieuavocats.com\/wp-content\/uploads\/2026\/01\/acquisition-1024x617.jpg\" alt=\"\" class=\"wp-image-440 size-full\" srcset=\"https:\/\/www.graciededieuavocats.com\/wp-content\/uploads\/2026\/01\/acquisition-1024x617.jpg 1024w, https:\/\/www.graciededieuavocats.com\/wp-content\/uploads\/2026\/01\/acquisition-300x181.jpg 300w, https:\/\/www.graciededieuavocats.com\/wp-content\/uploads\/2026\/01\/acquisition-768x463.jpg 768w, https:\/\/www.graciededieuavocats.com\/wp-content\/uploads\/2026\/01\/acquisition.jpg 1280w\" sizes=\"auto, (max-width: 1024px) 100vw, 1024px\" \/><\/figure><div class=\"wp-block-media-text__content\">\n<p class=\"has-medium-font-size\"><strong>Accompagnement strat\u00e9gique et audits pr\u00e9alables<\/strong><\/p>\n\n\n\n<p>Nous intervenons en amont des op\u00e9rations afin d\u2019en assurer la faisabilit\u00e9 et la s\u00e9curit\u00e9, notamment par :<br>\u2022 l\u2019accompagnement et la r\u00e9alisation d\u2019op\u00e9rations de due diligence,<br>\u2022 la conduite d\u2019audits juridiques cibl\u00e9s (soci\u00e9taire, contractuel, immobilier, social),<br>\u2022 l\u2019identification et l\u2019analyse des risques juridiques et financiers.<\/p>\n\n\n\n<p><\/p>\n<\/div><\/div>\n\n\n\n<h4 class=\"wp-block-heading\"><br><strong>R\u00e9daction et s\u00e9curisation de la documentation contractuelle<\/strong><\/h4>\n\n\n\n<p>Nous assurons la r\u00e9daction, la revue et la n\u00e9gociation de l\u2019ensemble de la documentation n\u00e9cessaire \u00e0 l\u2019op\u00e9ration, notamment :<br>\u2022 lettres d\u2019intention et term sheets,<br>\u2022 protocoles de cession ou d\u2019acquisition,<br>\u2022 actes de cession de titres ou d\u2019actifs,<br>\u2022 conventions de garantie d\u2019actif et de passif,<br>\u2022 clauses de prix, d\u2019ajustement, de non-concurrence et de conditions suspensives.<\/p>\n\n\n\n<h4 class=\"wp-block-heading\"><strong>Cession et acquisition d\u2019actifs, de fonds de commerce et de titres<\/strong><\/h4>\n\n\n\n<p>Nous assistons nos clients dans la structuration et la r\u00e9alisation de leurs op\u00e9rations, incluant :<br>\u2022 la cession ou l\u2019acquisition de fonds de commerce,<br>\u2022 les op\u00e9rations d\u2019asset deal ou de share deal,<br>\u2022 la coordination avec les autres conseils (experts-comptables, notaires, conseils fiscaux),<br>\u2022 l\u2019accomplissement des formalit\u00e9s l\u00e9gales et r\u00e9glementaires post-op\u00e9ration.<\/p>\n\n\n\n<ul class=\"wp-block-list\"><\/ul>\n\n\n\n<h4 class=\"wp-block-heading\"><strong>S\u00e9curisation post-op\u00e9ration et gestion des risques<\/strong><\/h4>\n\n\n\n<p>Nous accompagnons \u00e9galement nos clients apr\u00e8s la r\u00e9alisation de l\u2019op\u00e9ration pour :<br>\u2022 le suivi et la mise en \u0153uvre des garanties,<br>\u2022 la gestion des \u00e9ventuels litiges post-cession,<br>\u2022 la d\u00e9fense de leurs int\u00e9r\u00eats en cas de mise en jeu des responsabilit\u00e9s contractuelles.<\/p>\n\n\n\n<h4 class=\"wp-block-heading\"><strong>Une approche pragmatique et orient\u00e9e r\u00e9sultat<\/strong><\/h4>\n\n\n\n<p>Notre accompagnement repose sur une approche rigoureuse, pragmatique et strat\u00e9gique, int\u00e9grant les enjeux juridiques, fiscaux et op\u00e9rationnels propres \u00e0 chaque transaction, afin de garantir la p\u00e9rennit\u00e9 et le succ\u00e8s des op\u00e9rations.<\/p>\n\n\n\n<ul class=\"wp-block-list\"><\/ul>\n\n\n\n<hr class=\"wp-block-separator has-css-opacity is-style-wide\"\/>\n\n\n\n<div style=\"height:20px\" aria-hidden=\"true\" class=\"wp-block-spacer\"><\/div>\n","protected":false},"excerpt":{"rendered":"<p>ACQUISITION, CESSION Accompagnement strat\u00e9gique et audits pr\u00e9alables Nous intervenons en amont des op\u00e9rations afin d\u2019en assurer la faisabilit\u00e9 et la s\u00e9curit\u00e9, notamment par :\u2022 l\u2019accompagnement et la r\u00e9alisation d\u2019op\u00e9rations de due diligence,\u2022 la conduite d\u2019audits juridiques cibl\u00e9s (soci\u00e9taire, contractuel, immobilier, social),\u2022 l\u2019identification et l\u2019analyse des risques juridiques et financiers. R\u00e9daction et s\u00e9curisation de la documentation&hellip; <br \/> <a class=\"read-more\" href=\"https:\/\/www.graciededieuavocats.com\/?page_id=438\">Lire la suite<\/a><\/p>\n","protected":false},"author":1,"featured_media":0,"parent":0,"menu_order":0,"comment_status":"closed","ping_status":"closed","template":"","meta":{"footnotes":""},"class_list":["post-438","page","type-page","status-publish","hentry"],"yoast_head":"<!-- This site is optimized with the Yoast SEO plugin v25.5 - https:\/\/yoast.com\/wordpress\/plugins\/seo\/ -->\n<title>ACQUISITION, CESSION - Arcavocats Cabinet Graci\u00e9-Dedieu<\/title>\n<meta name=\"robots\" content=\"index, follow, max-snippet:-1, max-image-preview:large, max-video-preview:-1\" \/>\n<link rel=\"canonical\" href=\"https:\/\/www.graciededieuavocats.com\/?page_id=438\" \/>\n<meta property=\"og:locale\" content=\"fr_FR\" \/>\n<meta property=\"og:type\" content=\"article\" \/>\n<meta property=\"og:title\" content=\"ACQUISITION, CESSION - Arcavocats Cabinet Graci\u00e9-Dedieu\" \/>\n<meta property=\"og:description\" content=\"ACQUISITION, CESSION Accompagnement strat\u00e9gique et audits pr\u00e9alables Nous intervenons en amont des op\u00e9rations afin d\u2019en assurer la faisabilit\u00e9 et la s\u00e9curit\u00e9, notamment par :\u2022 l\u2019accompagnement et la r\u00e9alisation d\u2019op\u00e9rations de due diligence,\u2022 la conduite d\u2019audits juridiques cibl\u00e9s (soci\u00e9taire, contractuel, immobilier, social),\u2022 l\u2019identification et l\u2019analyse des risques juridiques et financiers. R\u00e9daction et s\u00e9curisation de la documentation&hellip; Lire la suite\" \/>\n<meta property=\"og:url\" content=\"https:\/\/www.graciededieuavocats.com\/?page_id=438\" \/>\n<meta property=\"og:site_name\" content=\"Arcavocats Cabinet Graci\u00e9-Dedieu\" \/>\n<meta property=\"article:modified_time\" content=\"2026-01-05T17:45:17+00:00\" \/>\n<meta property=\"og:image\" content=\"https:\/\/www.graciededieuavocats.com\/wp-content\/uploads\/2026\/01\/acquisition.jpg\" \/>\n\t<meta property=\"og:image:width\" content=\"1280\" \/>\n\t<meta property=\"og:image:height\" content=\"771\" \/>\n\t<meta property=\"og:image:type\" content=\"image\/jpeg\" \/>\n<meta name=\"twitter:card\" content=\"summary_large_image\" \/>\n<meta name=\"twitter:label1\" content=\"Dur\u00e9e de lecture estim\u00e9e\" \/>\n\t<meta name=\"twitter:data1\" content=\"2 minutes\" \/>\n<script type=\"application\/ld+json\" class=\"yoast-schema-graph\">{\"@context\":\"https:\/\/schema.org\",\"@graph\":[{\"@type\":\"WebPage\",\"@id\":\"https:\/\/www.graciededieuavocats.com\/?page_id=438\",\"url\":\"https:\/\/www.graciededieuavocats.com\/?page_id=438\",\"name\":\"ACQUISITION, CESSION - Arcavocats Cabinet Graci\u00e9-Dedieu\",\"isPartOf\":{\"@id\":\"https:\/\/www.graciededieuavocats.com\/#website\"},\"primaryImageOfPage\":{\"@id\":\"https:\/\/www.graciededieuavocats.com\/?page_id=438#primaryimage\"},\"image\":{\"@id\":\"https:\/\/www.graciededieuavocats.com\/?page_id=438#primaryimage\"},\"thumbnailUrl\":\"https:\/\/www.graciededieuavocats.com\/wp-content\/uploads\/2026\/01\/acquisition-1024x617.jpg\",\"datePublished\":\"2026-01-05T17:31:21+00:00\",\"dateModified\":\"2026-01-05T17:45:17+00:00\",\"breadcrumb\":{\"@id\":\"https:\/\/www.graciededieuavocats.com\/?page_id=438#breadcrumb\"},\"inLanguage\":\"fr-FR\",\"potentialAction\":[{\"@type\":\"ReadAction\",\"target\":[\"https:\/\/www.graciededieuavocats.com\/?page_id=438\"]}]},{\"@type\":\"ImageObject\",\"inLanguage\":\"fr-FR\",\"@id\":\"https:\/\/www.graciededieuavocats.com\/?page_id=438#primaryimage\",\"url\":\"https:\/\/www.graciededieuavocats.com\/wp-content\/uploads\/2026\/01\/acquisition.jpg\",\"contentUrl\":\"https:\/\/www.graciededieuavocats.com\/wp-content\/uploads\/2026\/01\/acquisition.jpg\",\"width\":1280,\"height\":771},{\"@type\":\"BreadcrumbList\",\"@id\":\"https:\/\/www.graciededieuavocats.com\/?page_id=438#breadcrumb\",\"itemListElement\":[{\"@type\":\"ListItem\",\"position\":1,\"name\":\"Accueil\",\"item\":\"https:\/\/www.graciededieuavocats.com\/\"},{\"@type\":\"ListItem\",\"position\":2,\"name\":\"ACQUISITION, CESSION\"}]},{\"@type\":\"WebSite\",\"@id\":\"https:\/\/www.graciededieuavocats.com\/#website\",\"url\":\"https:\/\/www.graciededieuavocats.com\/\",\"name\":\"Arcavocats Cabinet Graci\u00e9-Dedieu\",\"description\":\"Avocate \u00e0 la cour\",\"potentialAction\":[{\"@type\":\"SearchAction\",\"target\":{\"@type\":\"EntryPoint\",\"urlTemplate\":\"https:\/\/www.graciededieuavocats.com\/?s={search_term_string}\"},\"query-input\":{\"@type\":\"PropertyValueSpecification\",\"valueRequired\":true,\"valueName\":\"search_term_string\"}}],\"inLanguage\":\"fr-FR\"}]}<\/script>\n<!-- \/ Yoast SEO plugin. -->","yoast_head_json":{"title":"ACQUISITION, CESSION - Arcavocats Cabinet Graci\u00e9-Dedieu","robots":{"index":"index","follow":"follow","max-snippet":"max-snippet:-1","max-image-preview":"max-image-preview:large","max-video-preview":"max-video-preview:-1"},"canonical":"https:\/\/www.graciededieuavocats.com\/?page_id=438","og_locale":"fr_FR","og_type":"article","og_title":"ACQUISITION, CESSION - Arcavocats Cabinet Graci\u00e9-Dedieu","og_description":"ACQUISITION, CESSION Accompagnement strat\u00e9gique et audits pr\u00e9alables Nous intervenons en amont des op\u00e9rations afin d\u2019en assurer la faisabilit\u00e9 et la s\u00e9curit\u00e9, notamment par :\u2022 l\u2019accompagnement et la r\u00e9alisation d\u2019op\u00e9rations de due diligence,\u2022 la conduite d\u2019audits juridiques cibl\u00e9s (soci\u00e9taire, contractuel, immobilier, social),\u2022 l\u2019identification et l\u2019analyse des risques juridiques et financiers. R\u00e9daction et s\u00e9curisation de la documentation&hellip; Lire la suite","og_url":"https:\/\/www.graciededieuavocats.com\/?page_id=438","og_site_name":"Arcavocats Cabinet Graci\u00e9-Dedieu","article_modified_time":"2026-01-05T17:45:17+00:00","og_image":[{"width":1280,"height":771,"url":"https:\/\/www.graciededieuavocats.com\/wp-content\/uploads\/2026\/01\/acquisition.jpg","type":"image\/jpeg"}],"twitter_card":"summary_large_image","twitter_misc":{"Dur\u00e9e de lecture estim\u00e9e":"2 minutes"},"schema":{"@context":"https:\/\/schema.org","@graph":[{"@type":"WebPage","@id":"https:\/\/www.graciededieuavocats.com\/?page_id=438","url":"https:\/\/www.graciededieuavocats.com\/?page_id=438","name":"ACQUISITION, CESSION - Arcavocats Cabinet Graci\u00e9-Dedieu","isPartOf":{"@id":"https:\/\/www.graciededieuavocats.com\/#website"},"primaryImageOfPage":{"@id":"https:\/\/www.graciededieuavocats.com\/?page_id=438#primaryimage"},"image":{"@id":"https:\/\/www.graciededieuavocats.com\/?page_id=438#primaryimage"},"thumbnailUrl":"https:\/\/www.graciededieuavocats.com\/wp-content\/uploads\/2026\/01\/acquisition-1024x617.jpg","datePublished":"2026-01-05T17:31:21+00:00","dateModified":"2026-01-05T17:45:17+00:00","breadcrumb":{"@id":"https:\/\/www.graciededieuavocats.com\/?page_id=438#breadcrumb"},"inLanguage":"fr-FR","potentialAction":[{"@type":"ReadAction","target":["https:\/\/www.graciededieuavocats.com\/?page_id=438"]}]},{"@type":"ImageObject","inLanguage":"fr-FR","@id":"https:\/\/www.graciededieuavocats.com\/?page_id=438#primaryimage","url":"https:\/\/www.graciededieuavocats.com\/wp-content\/uploads\/2026\/01\/acquisition.jpg","contentUrl":"https:\/\/www.graciededieuavocats.com\/wp-content\/uploads\/2026\/01\/acquisition.jpg","width":1280,"height":771},{"@type":"BreadcrumbList","@id":"https:\/\/www.graciededieuavocats.com\/?page_id=438#breadcrumb","itemListElement":[{"@type":"ListItem","position":1,"name":"Accueil","item":"https:\/\/www.graciededieuavocats.com\/"},{"@type":"ListItem","position":2,"name":"ACQUISITION, CESSION"}]},{"@type":"WebSite","@id":"https:\/\/www.graciededieuavocats.com\/#website","url":"https:\/\/www.graciededieuavocats.com\/","name":"Arcavocats Cabinet Graci\u00e9-Dedieu","description":"Avocate \u00e0 la cour","potentialAction":[{"@type":"SearchAction","target":{"@type":"EntryPoint","urlTemplate":"https:\/\/www.graciededieuavocats.com\/?s={search_term_string}"},"query-input":{"@type":"PropertyValueSpecification","valueRequired":true,"valueName":"search_term_string"}}],"inLanguage":"fr-FR"}]}},"_links":{"self":[{"href":"https:\/\/www.graciededieuavocats.com\/index.php?rest_route=\/wp\/v2\/pages\/438","targetHints":{"allow":["GET"]}}],"collection":[{"href":"https:\/\/www.graciededieuavocats.com\/index.php?rest_route=\/wp\/v2\/pages"}],"about":[{"href":"https:\/\/www.graciededieuavocats.com\/index.php?rest_route=\/wp\/v2\/types\/page"}],"author":[{"embeddable":true,"href":"https:\/\/www.graciededieuavocats.com\/index.php?rest_route=\/wp\/v2\/users\/1"}],"replies":[{"embeddable":true,"href":"https:\/\/www.graciededieuavocats.com\/index.php?rest_route=%2Fwp%2Fv2%2Fcomments&post=438"}],"version-history":[{"count":0,"href":"https:\/\/www.graciededieuavocats.com\/index.php?rest_route=\/wp\/v2\/pages\/438\/revisions"}],"wp:attachment":[{"href":"https:\/\/www.graciededieuavocats.com\/index.php?rest_route=%2Fwp%2Fv2%2Fmedia&parent=438"}],"curies":[{"name":"wp","href":"https:\/\/api.w.org\/{rel}","templated":true}]}}