{"id":428,"date":"2026-01-05T17:28:55","date_gmt":"2026-01-05T16:28:55","guid":{"rendered":"https:\/\/www.graciededieuavocats.com\/?page_id=428"},"modified":"2026-01-05T18:06:40","modified_gmt":"2026-01-05T17:06:40","slug":"droit-des-societes","status":"publish","type":"page","link":"https:\/\/www.graciededieuavocats.com\/?page_id=428","title":{"rendered":"DROIT DES SOCIETES"},"content":{"rendered":"\n<h2 class=\"wp-block-heading has-large-font-size\"><strong>DROIT DES SOCIETES<\/strong><\/h2>\n\n\n\n<div class=\"wp-block-media-text alignwide is-stacked-on-mobile\" style=\"grid-template-columns:37% auto\"><figure class=\"wp-block-media-text__media\"><img loading=\"lazy\" decoding=\"async\" width=\"1024\" height=\"682\" src=\"https:\/\/www.graciededieuavocats.com\/wp-content\/uploads\/2026\/01\/immeuble-1024x682.jpg\" alt=\"societes\" class=\"wp-image-431 size-full\" srcset=\"https:\/\/www.graciededieuavocats.com\/wp-content\/uploads\/2026\/01\/immeuble-1024x682.jpg 1024w, https:\/\/www.graciededieuavocats.com\/wp-content\/uploads\/2026\/01\/immeuble-300x200.jpg 300w, https:\/\/www.graciededieuavocats.com\/wp-content\/uploads\/2026\/01\/immeuble-768x512.jpg 768w, https:\/\/www.graciededieuavocats.com\/wp-content\/uploads\/2026\/01\/immeuble.jpg 1280w\" sizes=\"auto, (max-width: 1024px) 100vw, 1024px\" \/><\/figure><div class=\"wp-block-media-text__content\"><\/div><\/div>\n\n\n\n<h4 class=\"wp-block-heading\"><br><strong>Cr\u00e9ation et structuration des soci\u00e9t\u00e9s<\/strong><\/h4>\n\n\n\n<p>Nous intervenons d\u00e8s la phase de r\u00e9flexion afin de s\u00e9curiser le choix de la structure la plus adapt\u00e9e \u00e0 votre projet (SAS, SARL, SCI, SCP, SEL, etc.) et assurons :<br>\u2022 la constitution de soci\u00e9t\u00e9s et d\u2019associations,<br>\u2022 la r\u00e9daction et l\u2019optimisation des statuts,<br>\u2022 l\u2019organisation des pouvoirs et des relations entre associ\u00e9s,<br>\u2022 la s\u00e9curisation des apports, du capital social et de la gouvernance.<\/p>\n\n\n\n<h4 class=\"wp-block-heading\"><br><strong>Suivi juridique et vie sociale<\/strong><\/h4>\n\n\n\n<p>Nous assurons l\u2019ensemble des op\u00e9rations courantes et exceptionnelles de la vie sociale, notamment :<br>\u2022 toutes modifications statutaires (changement de dirigeant, de si\u00e8ge social, d\u2019objet social, augmentation ou r\u00e9duction de capital),<br>\u2022 la tenue du secr\u00e9tariat juridique (assembl\u00e9es g\u00e9n\u00e9rales, proc\u00e8s-verbaux, conventions r\u00e9glement\u00e9es),<br>\u2022 la mise en conformit\u00e9 des statuts avec les \u00e9volutions l\u00e9gales et r\u00e9glementaires.<\/p>\n\n\n\n<h4 class=\"wp-block-heading\"><br><strong>Op\u00e9rations sur le capital et restructurations<\/strong><\/h4>\n\n\n\n<p>Nous assistons nos clients dans leurs op\u00e9rations strat\u00e9giques, notamment :<br>\u2022 cessions de parts sociales ou d\u2019actions,<br>\u2022 entr\u00e9es et sorties d\u2019associ\u00e9s,<br>\u2022 fusions, scissions et apports partiels d\u2019actifs,<br>\u2022 restructurations juridiques et r\u00e9organisations de groupes.<\/p>\n\n\n\n<h4 class=\"wp-block-heading\"><br><strong>Pr\u00e9vention des risques et contentieux soci\u00e9taires<\/strong><\/h4>\n\n\n\n<p>Nous intervenons tant en amont qu\u2019en phase contentieuse pour :<br>\u2022 pr\u00e9venir et g\u00e9rer les conflits entre associ\u00e9s ou dirigeants,<br>\u2022 engager ou d\u00e9fendre des actions en responsabilit\u00e9,<br>\u2022 accompagner les proc\u00e9dures d\u2019exclusion ou de r\u00e9vocation de dirigeants,<br>\u2022 repr\u00e9senter nos clients devant les juridictions comp\u00e9tentes en mati\u00e8re de litiges soci\u00e9taires.<\/p>\n\n\n\n<h4 class=\"wp-block-heading\"><br><strong>Un accompagnement strat\u00e9gique et personnalis\u00e9<\/strong><\/h4>\n\n\n\n<p>Notre approche conjugue s\u00e9curit\u00e9 juridique, anticipation des risques et compr\u00e9hension des enjeux \u00e9conomiques propres \u00e0 chaque structure, afin de vous offrir un accompagnement fiable, r\u00e9actif et durable.<\/p>\n\n\n\n<hr class=\"wp-block-separator has-css-opacity is-style-wide\"\/>\n\n\n\n<div style=\"height:20px\" aria-hidden=\"true\" class=\"wp-block-spacer\"><\/div>\n\n\n\n<p><\/p>\n","protected":false},"excerpt":{"rendered":"<p>DROIT DES SOCIETES Cr\u00e9ation et structuration des soci\u00e9t\u00e9s Nous intervenons d\u00e8s la phase de r\u00e9flexion afin de s\u00e9curiser le choix de la structure la plus adapt\u00e9e \u00e0 votre projet (SAS, SARL, SCI, SCP, SEL, etc.) et assurons :\u2022 la constitution de soci\u00e9t\u00e9s et d\u2019associations,\u2022 la r\u00e9daction et l\u2019optimisation des statuts,\u2022 l\u2019organisation des pouvoirs et des&hellip; <br \/> <a class=\"read-more\" href=\"https:\/\/www.graciededieuavocats.com\/?page_id=428\">Lire la suite<\/a><\/p>\n","protected":false},"author":1,"featured_media":0,"parent":0,"menu_order":0,"comment_status":"closed","ping_status":"closed","template":"","meta":{"footnotes":""},"class_list":["post-428","page","type-page","status-publish","hentry"],"yoast_head":"<!-- This site is optimized with the Yoast SEO plugin v25.5 - https:\/\/yoast.com\/wordpress\/plugins\/seo\/ -->\n<title>DROIT DES SOCIETES - Arcavocats Cabinet Graci\u00e9-Dedieu<\/title>\n<meta name=\"robots\" content=\"index, follow, max-snippet:-1, max-image-preview:large, max-video-preview:-1\" \/>\n<link rel=\"canonical\" href=\"https:\/\/www.graciededieuavocats.com\/?page_id=428\" \/>\n<meta property=\"og:locale\" content=\"fr_FR\" \/>\n<meta property=\"og:type\" content=\"article\" \/>\n<meta property=\"og:title\" content=\"DROIT DES SOCIETES - Arcavocats Cabinet Graci\u00e9-Dedieu\" \/>\n<meta property=\"og:description\" content=\"DROIT DES SOCIETES Cr\u00e9ation et structuration des soci\u00e9t\u00e9s Nous intervenons d\u00e8s la phase de r\u00e9flexion afin de s\u00e9curiser le choix de la structure la plus adapt\u00e9e \u00e0 votre projet (SAS, SARL, SCI, SCP, SEL, etc.) et assurons :\u2022 la constitution de soci\u00e9t\u00e9s et d\u2019associations,\u2022 la r\u00e9daction et l\u2019optimisation des statuts,\u2022 l\u2019organisation des pouvoirs et des&hellip; Lire la suite\" \/>\n<meta property=\"og:url\" content=\"https:\/\/www.graciededieuavocats.com\/?page_id=428\" \/>\n<meta property=\"og:site_name\" content=\"Arcavocats Cabinet Graci\u00e9-Dedieu\" \/>\n<meta property=\"article:modified_time\" content=\"2026-01-05T17:06:40+00:00\" \/>\n<meta property=\"og:image\" content=\"https:\/\/www.graciededieuavocats.com\/wp-content\/uploads\/2026\/01\/immeuble.jpg\" \/>\n\t<meta property=\"og:image:width\" content=\"1280\" \/>\n\t<meta property=\"og:image:height\" content=\"853\" \/>\n\t<meta property=\"og:image:type\" content=\"image\/jpeg\" \/>\n<meta name=\"twitter:card\" content=\"summary_large_image\" \/>\n<meta name=\"twitter:label1\" content=\"Dur\u00e9e de lecture estim\u00e9e\" \/>\n\t<meta name=\"twitter:data1\" content=\"2 minutes\" \/>\n<script type=\"application\/ld+json\" class=\"yoast-schema-graph\">{\"@context\":\"https:\/\/schema.org\",\"@graph\":[{\"@type\":\"WebPage\",\"@id\":\"https:\/\/www.graciededieuavocats.com\/?page_id=428\",\"url\":\"https:\/\/www.graciededieuavocats.com\/?page_id=428\",\"name\":\"DROIT DES SOCIETES - Arcavocats Cabinet Graci\u00e9-Dedieu\",\"isPartOf\":{\"@id\":\"https:\/\/www.graciededieuavocats.com\/#website\"},\"primaryImageOfPage\":{\"@id\":\"https:\/\/www.graciededieuavocats.com\/?page_id=428#primaryimage\"},\"image\":{\"@id\":\"https:\/\/www.graciededieuavocats.com\/?page_id=428#primaryimage\"},\"thumbnailUrl\":\"https:\/\/www.graciededieuavocats.com\/wp-content\/uploads\/2026\/01\/immeuble-1024x682.jpg\",\"datePublished\":\"2026-01-05T16:28:55+00:00\",\"dateModified\":\"2026-01-05T17:06:40+00:00\",\"breadcrumb\":{\"@id\":\"https:\/\/www.graciededieuavocats.com\/?page_id=428#breadcrumb\"},\"inLanguage\":\"fr-FR\",\"potentialAction\":[{\"@type\":\"ReadAction\",\"target\":[\"https:\/\/www.graciededieuavocats.com\/?page_id=428\"]}]},{\"@type\":\"ImageObject\",\"inLanguage\":\"fr-FR\",\"@id\":\"https:\/\/www.graciededieuavocats.com\/?page_id=428#primaryimage\",\"url\":\"https:\/\/www.graciededieuavocats.com\/wp-content\/uploads\/2026\/01\/immeuble.jpg\",\"contentUrl\":\"https:\/\/www.graciededieuavocats.com\/wp-content\/uploads\/2026\/01\/immeuble.jpg\",\"width\":1280,\"height\":853,\"caption\":\"societes\"},{\"@type\":\"BreadcrumbList\",\"@id\":\"https:\/\/www.graciededieuavocats.com\/?page_id=428#breadcrumb\",\"itemListElement\":[{\"@type\":\"ListItem\",\"position\":1,\"name\":\"Accueil\",\"item\":\"https:\/\/www.graciededieuavocats.com\/\"},{\"@type\":\"ListItem\",\"position\":2,\"name\":\"DROIT DES SOCIETES\"}]},{\"@type\":\"WebSite\",\"@id\":\"https:\/\/www.graciededieuavocats.com\/#website\",\"url\":\"https:\/\/www.graciededieuavocats.com\/\",\"name\":\"Arcavocats Cabinet Graci\u00e9-Dedieu\",\"description\":\"Avocate \u00e0 la cour\",\"potentialAction\":[{\"@type\":\"SearchAction\",\"target\":{\"@type\":\"EntryPoint\",\"urlTemplate\":\"https:\/\/www.graciededieuavocats.com\/?s={search_term_string}\"},\"query-input\":{\"@type\":\"PropertyValueSpecification\",\"valueRequired\":true,\"valueName\":\"search_term_string\"}}],\"inLanguage\":\"fr-FR\"}]}<\/script>\n<!-- \/ Yoast SEO plugin. -->","yoast_head_json":{"title":"DROIT DES SOCIETES - Arcavocats Cabinet Graci\u00e9-Dedieu","robots":{"index":"index","follow":"follow","max-snippet":"max-snippet:-1","max-image-preview":"max-image-preview:large","max-video-preview":"max-video-preview:-1"},"canonical":"https:\/\/www.graciededieuavocats.com\/?page_id=428","og_locale":"fr_FR","og_type":"article","og_title":"DROIT DES SOCIETES - Arcavocats Cabinet Graci\u00e9-Dedieu","og_description":"DROIT DES SOCIETES Cr\u00e9ation et structuration des soci\u00e9t\u00e9s Nous intervenons d\u00e8s la phase de r\u00e9flexion afin de s\u00e9curiser le choix de la structure la plus adapt\u00e9e \u00e0 votre projet (SAS, SARL, SCI, SCP, SEL, etc.) et assurons :\u2022 la constitution de soci\u00e9t\u00e9s et d\u2019associations,\u2022 la r\u00e9daction et l\u2019optimisation des statuts,\u2022 l\u2019organisation des pouvoirs et des&hellip; Lire la suite","og_url":"https:\/\/www.graciededieuavocats.com\/?page_id=428","og_site_name":"Arcavocats Cabinet Graci\u00e9-Dedieu","article_modified_time":"2026-01-05T17:06:40+00:00","og_image":[{"width":1280,"height":853,"url":"https:\/\/www.graciededieuavocats.com\/wp-content\/uploads\/2026\/01\/immeuble.jpg","type":"image\/jpeg"}],"twitter_card":"summary_large_image","twitter_misc":{"Dur\u00e9e de lecture estim\u00e9e":"2 minutes"},"schema":{"@context":"https:\/\/schema.org","@graph":[{"@type":"WebPage","@id":"https:\/\/www.graciededieuavocats.com\/?page_id=428","url":"https:\/\/www.graciededieuavocats.com\/?page_id=428","name":"DROIT DES SOCIETES - Arcavocats Cabinet Graci\u00e9-Dedieu","isPartOf":{"@id":"https:\/\/www.graciededieuavocats.com\/#website"},"primaryImageOfPage":{"@id":"https:\/\/www.graciededieuavocats.com\/?page_id=428#primaryimage"},"image":{"@id":"https:\/\/www.graciededieuavocats.com\/?page_id=428#primaryimage"},"thumbnailUrl":"https:\/\/www.graciededieuavocats.com\/wp-content\/uploads\/2026\/01\/immeuble-1024x682.jpg","datePublished":"2026-01-05T16:28:55+00:00","dateModified":"2026-01-05T17:06:40+00:00","breadcrumb":{"@id":"https:\/\/www.graciededieuavocats.com\/?page_id=428#breadcrumb"},"inLanguage":"fr-FR","potentialAction":[{"@type":"ReadAction","target":["https:\/\/www.graciededieuavocats.com\/?page_id=428"]}]},{"@type":"ImageObject","inLanguage":"fr-FR","@id":"https:\/\/www.graciededieuavocats.com\/?page_id=428#primaryimage","url":"https:\/\/www.graciededieuavocats.com\/wp-content\/uploads\/2026\/01\/immeuble.jpg","contentUrl":"https:\/\/www.graciededieuavocats.com\/wp-content\/uploads\/2026\/01\/immeuble.jpg","width":1280,"height":853,"caption":"societes"},{"@type":"BreadcrumbList","@id":"https:\/\/www.graciededieuavocats.com\/?page_id=428#breadcrumb","itemListElement":[{"@type":"ListItem","position":1,"name":"Accueil","item":"https:\/\/www.graciededieuavocats.com\/"},{"@type":"ListItem","position":2,"name":"DROIT DES SOCIETES"}]},{"@type":"WebSite","@id":"https:\/\/www.graciededieuavocats.com\/#website","url":"https:\/\/www.graciededieuavocats.com\/","name":"Arcavocats Cabinet Graci\u00e9-Dedieu","description":"Avocate \u00e0 la cour","potentialAction":[{"@type":"SearchAction","target":{"@type":"EntryPoint","urlTemplate":"https:\/\/www.graciededieuavocats.com\/?s={search_term_string}"},"query-input":{"@type":"PropertyValueSpecification","valueRequired":true,"valueName":"search_term_string"}}],"inLanguage":"fr-FR"}]}},"_links":{"self":[{"href":"https:\/\/www.graciededieuavocats.com\/index.php?rest_route=\/wp\/v2\/pages\/428","targetHints":{"allow":["GET"]}}],"collection":[{"href":"https:\/\/www.graciededieuavocats.com\/index.php?rest_route=\/wp\/v2\/pages"}],"about":[{"href":"https:\/\/www.graciededieuavocats.com\/index.php?rest_route=\/wp\/v2\/types\/page"}],"author":[{"embeddable":true,"href":"https:\/\/www.graciededieuavocats.com\/index.php?rest_route=\/wp\/v2\/users\/1"}],"replies":[{"embeddable":true,"href":"https:\/\/www.graciededieuavocats.com\/index.php?rest_route=%2Fwp%2Fv2%2Fcomments&post=428"}],"version-history":[{"count":0,"href":"https:\/\/www.graciededieuavocats.com\/index.php?rest_route=\/wp\/v2\/pages\/428\/revisions"}],"wp:attachment":[{"href":"https:\/\/www.graciededieuavocats.com\/index.php?rest_route=%2Fwp%2Fv2%2Fmedia&parent=428"}],"curies":[{"name":"wp","href":"https:\/\/api.w.org\/{rel}","templated":true}]}}