{"id":334,"date":"2022-09-14T18:02:08","date_gmt":"2022-09-14T16:02:08","guid":{"rendered":"https:\/\/www.graciededieuavocats.com\/?page_id=334"},"modified":"2025-08-12T19:56:00","modified_gmt":"2025-08-12T17:56:00","slug":"revue-de-presse","status":"publish","type":"page","link":"https:\/\/www.graciededieuavocats.com\/?page_id=334","title":{"rendered":"REVUE DE PRESSE"},"content":{"rendered":"\n<h2 class=\"wp-block-heading has-large-font-size\">REVUE DE PRESSE<\/h2>\n\n\n\n<div style=\"height:20px\" aria-hidden=\"true\" class=\"wp-block-spacer\"><\/div>\n\n\n\n<div class=\"wp-block-media-text alignwide is-stacked-on-mobile\" style=\"grid-template-columns:25% auto\"><figure class=\"wp-block-media-text__media\"><img loading=\"lazy\" decoding=\"async\" width=\"580\" height=\"400\" src=\"https:\/\/www.graciededieuavocats.com\/wp-content\/uploads\/2025\/03\/article_arcavocats.jpg\" alt=\"\" class=\"wp-image-413 size-full\" srcset=\"https:\/\/www.graciededieuavocats.com\/wp-content\/uploads\/2025\/03\/article_arcavocats.jpg 580w, https:\/\/www.graciededieuavocats.com\/wp-content\/uploads\/2025\/03\/article_arcavocats-300x207.jpg 300w\" sizes=\"auto, (max-width: 580px) 100vw, 580px\" \/><\/figure><div class=\"wp-block-media-text__content\">\n<p><strong>Droit du tourisme \u00ab\u00a0Responsabilit\u00e9 du transporteur a\u00e9rien en cas d\u2019annulation ou de retard de vol\u00a0\u00bb<\/strong><br>\u00ab\u00a0Retard ou annulation de vol : peut-on obtenir plus que l\u2019indemnisation forfaitaire du r\u00e8glement CE 261\/2004 ?\u00a0\u00bb &#8211; Ma\u00eetre Florence Graci\u00e9-Dedieu<br><em><a href=\"https:\/\/www.graciededieuavocats.com\/wp-content\/uploads\/2025\/08\/SYNTHESE-RETARD-ANNULATION-DE-VOL-ET-INDEMNISATION-COMPLEMENTAIRE.pdf\" target=\"_blank\" rel=\"noreferrer noopener\">T\u00e9l\u00e9charger le document<\/a><\/em><\/p>\n<\/div><\/div>\n\n\n\n<div style=\"height:100px\" aria-hidden=\"true\" class=\"wp-block-spacer\"><\/div>\n\n\n\n<div class=\"wp-block-media-text alignwide is-stacked-on-mobile\" style=\"grid-template-columns:25% auto\"><figure class=\"wp-block-media-text__media\"><img loading=\"lazy\" decoding=\"async\" width=\"580\" height=\"400\" src=\"https:\/\/www.graciededieuavocats.com\/wp-content\/uploads\/2025\/03\/article_arcavocats.jpg\" alt=\"\" class=\"wp-image-413 size-full\" srcset=\"https:\/\/www.graciededieuavocats.com\/wp-content\/uploads\/2025\/03\/article_arcavocats.jpg 580w, https:\/\/www.graciededieuavocats.com\/wp-content\/uploads\/2025\/03\/article_arcavocats-300x207.jpg 300w\" sizes=\"auto, (max-width: 580px) 100vw, 580px\" \/><\/figure><div class=\"wp-block-media-text__content\">\n<p><strong>Droit du tourisme \u00ab\u00a0Accident mortel de la circulation \u00e0 l&rsquo;\u00e9tranger, indemnisation des ayants droits\u00a0\u00bb<\/strong><br>\u00ab\u00a0Une solution efficace mais peu utilis\u00e9e : le fonds de garantie des victimles des actes de terrorisme et d&rsquo;autres infractions\u00a0\u00bb &#8211; Ma\u00eetre Florence Graci\u00e9-Dedieu<br><em><a href=\"https:\/\/www.graciededieuavocats.com\/wp-content\/uploads\/2025\/03\/DROIT-DU-TOURISME-ACCIDENT-MORTEL-A-LETRANGER-INDEMNISATION-AYANTS-DROITS.pdf\" target=\"_blank\" rel=\"noreferrer noopener\">T\u00e9l\u00e9charger le document<\/a><\/em><\/p>\n<\/div><\/div>\n\n\n\n<div style=\"height:100px\" aria-hidden=\"true\" class=\"wp-block-spacer\"><\/div>\n\n\n\n<div class=\"wp-block-media-text alignwide is-stacked-on-mobile\" style=\"grid-template-columns:25% auto\"><figure class=\"wp-block-media-text__media\"><img loading=\"lazy\" decoding=\"async\" width=\"580\" height=\"400\" src=\"https:\/\/www.graciededieuavocats.com\/wp-content\/uploads\/2025\/02\/utcapitoledroit.jpg\" alt=\"\" class=\"wp-image-406 size-full\" srcset=\"https:\/\/www.graciededieuavocats.com\/wp-content\/uploads\/2025\/02\/utcapitoledroit.jpg 580w, https:\/\/www.graciededieuavocats.com\/wp-content\/uploads\/2025\/02\/utcapitoledroit-300x207.jpg 300w\" sizes=\"auto, (max-width: 580px) 100vw, 580px\" \/><\/figure><div class=\"wp-block-media-text__content\">\n<p><strong>Colloque<\/strong> <strong>\u00ab\u00a0Les personnes morales confront\u00e9es aux proc\u00e9dures collectives\u00a0\u00bb <\/strong>&#8211; vendredi 11 octobre 2024<br>\u00ab\u00a0L&rsquo;adaptation des proc\u00e9dures de traitement des difficult\u00e9s aux particularismes du syndicat des copropri\u00e9taires \u00a0\u00bb &#8211; Ma\u00eetre Florence Graci\u00e9-Dedieu<br><em><a href=\"https:\/\/www.graciededieuavocats.com\/wp-content\/uploads\/2025\/02\/Colloque_utcapitole_06112024.pdf\" target=\"_blank\" rel=\"noreferrer noopener\">T\u00e9l\u00e9charger le document<\/a><\/em><\/p>\n<\/div><\/div>\n\n\n\n<div class=\"wp-block-media-text alignwide is-stacked-on-mobile\" style=\"grid-template-columns:25% auto\"><figure class=\"wp-block-media-text__media\"><img loading=\"lazy\" decoding=\"async\" width=\"580\" height=\"400\" src=\"https:\/\/www.graciededieuavocats.com\/wp-content\/uploads\/2023\/03\/juristourisme.jpg\" alt=\"\" class=\"wp-image-386 size-full\" srcset=\"https:\/\/www.graciededieuavocats.com\/wp-content\/uploads\/2023\/03\/juristourisme.jpg 580w, https:\/\/www.graciededieuavocats.com\/wp-content\/uploads\/2023\/03\/juristourisme-300x207.jpg 300w\" sizes=\"auto, (max-width: 580px) 100vw, 580px\" \/><\/figure><div class=\"wp-block-media-text__content\">\n<p><strong>Juristourisme<\/strong> &#8211; n\u00b0275 &#8211; juin 2024<br>\u00ab\u00a0Responsabilit\u00e9 civile des entreprises ferroviaires\u00a0\u00bb &#8211; Ma\u00eetre Florence Graci\u00e9-Dedieu<br><em><a href=\"https:\/\/www.graciededieuavocats.com\/wp-content\/uploads\/2024\/07\/30_32_Dossier_JT275.pdf\" target=\"_blank\" rel=\"noreferrer noopener\">T\u00e9l\u00e9charger le document<\/a><\/em><\/p>\n<\/div><\/div>\n\n\n\n<div class=\"wp-block-media-text alignwide is-stacked-on-mobile\" style=\"grid-template-columns:25% auto\"><figure class=\"wp-block-media-text__media\"><img loading=\"lazy\" decoding=\"async\" width=\"580\" height=\"400\" src=\"https:\/\/www.graciededieuavocats.com\/wp-content\/uploads\/2023\/03\/juristourisme.jpg\" alt=\"\" class=\"wp-image-386 size-full\" srcset=\"https:\/\/www.graciededieuavocats.com\/wp-content\/uploads\/2023\/03\/juristourisme.jpg 580w, https:\/\/www.graciededieuavocats.com\/wp-content\/uploads\/2023\/03\/juristourisme-300x207.jpg 300w\" sizes=\"auto, (max-width: 580px) 100vw, 580px\" \/><\/figure><div class=\"wp-block-media-text__content\">\n<p><strong>Juristourisme<\/strong> &#8211; n\u00b0265 &#8211; juillet\/ao\u00fbt 2023<br>\u00ab\u00a0Quand la force majeure n\u2019est pas cause d\u2019exon\u00e9ration\u2026\u00a0\u00bb &#8211; Ma\u00eetre Florence Graci\u00e9-Dedieu<br><em><a href=\"https:\/\/www.graciededieuavocats.com\/wp-content\/uploads\/2023\/06\/15_Acteurs_Tribune_JT265.pdf\" target=\"_blank\" rel=\"noreferrer noopener\">T\u00e9l\u00e9charger le document<\/a><\/em><\/p>\n<\/div><\/div>\n\n\n\n<div class=\"wp-block-media-text alignwide is-stacked-on-mobile\" style=\"grid-template-columns:25% auto\"><figure class=\"wp-block-media-text__media\"><img loading=\"lazy\" decoding=\"async\" width=\"580\" height=\"400\" src=\"https:\/\/www.graciededieuavocats.com\/wp-content\/uploads\/2023\/03\/juristourisme.jpg\" alt=\"\" class=\"wp-image-386 size-full\" srcset=\"https:\/\/www.graciededieuavocats.com\/wp-content\/uploads\/2023\/03\/juristourisme.jpg 580w, https:\/\/www.graciededieuavocats.com\/wp-content\/uploads\/2023\/03\/juristourisme-300x207.jpg 300w\" sizes=\"auto, (max-width: 580px) 100vw, 580px\" \/><\/figure><div class=\"wp-block-media-text__content\">\n<p><strong>Juristourisme<\/strong> &#8211; n\u00b0262 &#8211; avril 2023<br>\u00ab\u00a0Annulation de voyage : panorama de jursiprudence\u00a0\u00bb &#8211; Ma\u00eetre Florence Graci\u00e9-Dedieu<br><a href=\"https:\/\/www.graciededieuavocats.com\/wp-content\/uploads\/2023\/03\/JURIS_TOURISME_N262_AVRIL_2023.pdf\" target=\"_blank\" rel=\"noreferrer noopener\">T\u00e9l\u00e9charger le document<\/a><\/p>\n<\/div><\/div>\n\n\n\n<hr class=\"wp-block-separator has-alpha-channel-opacity\"\/>\n\n\n\n<div class=\"wp-block-media-text alignwide is-stacked-on-mobile\" style=\"grid-template-columns:25% auto\"><figure class=\"wp-block-media-text__media\"><img loading=\"lazy\" decoding=\"async\" width=\"1024\" height=\"461\" src=\"https:\/\/www.graciededieuavocats.com\/wp-content\/uploads\/2022\/09\/logo_sorbonne-1024x461.jpg\" alt=\"Universit\u00e9 Panth\u00e9on Sorbonne\" class=\"wp-image-338 size-full\" srcset=\"https:\/\/www.graciededieuavocats.com\/wp-content\/uploads\/2022\/09\/logo_sorbonne-1024x461.jpg 1024w, https:\/\/www.graciededieuavocats.com\/wp-content\/uploads\/2022\/09\/logo_sorbonne-300x135.jpg 300w, https:\/\/www.graciededieuavocats.com\/wp-content\/uploads\/2022\/09\/logo_sorbonne-768x346.jpg 768w, https:\/\/www.graciededieuavocats.com\/wp-content\/uploads\/2022\/09\/logo_sorbonne-1536x692.jpg 1536w, https:\/\/www.graciededieuavocats.com\/wp-content\/uploads\/2022\/09\/logo_sorbonne-2048x923.jpg 2048w, https:\/\/www.graciededieuavocats.com\/wp-content\/uploads\/2022\/09\/logo_sorbonne-1920x865.jpg 1920w\" sizes=\"auto, (max-width: 1024px) 100vw, 1024px\" \/><\/figure><div class=\"wp-block-media-text__content\">\n<p><strong>Colloque : Regard sur le droit du tourisme \u00e0 l&rsquo;occasion de la Pr\u00e9sidence fran\u00e7aise de l&rsquo;Union europ\u00e9enne<\/strong> &#8211; 4 juillet 2022<br>\u00ab\u00a0Panorama de jurisprudences COVID\u00a0\u00bb &#8211; Ma\u00eetre Florence Graci\u00e9-Dedieu<br><a href=\"https:\/\/www.graciededieuavocats.com\/wp-content\/uploads\/2022\/09\/COLLOQUE-4-JUILLET-2022-DROIT-DU-TOURISME.pdf\" target=\"_blank\" rel=\"noreferrer noopener\">T\u00e9l\u00e9charger le document<\/a><\/p>\n<\/div><\/div>\n\n\n\n<div style=\"height:20px\" aria-hidden=\"true\" class=\"wp-block-spacer\"><\/div>\n\n\n\n<hr class=\"wp-block-separator has-alpha-channel-opacity\"\/>\n\n\n\n<div style=\"height:20px\" aria-hidden=\"true\" class=\"wp-block-spacer\"><\/div>\n\n\n\n<div class=\"wp-block-media-text alignwide is-stacked-on-mobile\" style=\"grid-template-columns:25% auto\"><figure class=\"wp-block-media-text__media\"><img loading=\"lazy\" decoding=\"async\" width=\"1024\" height=\"236\" src=\"https:\/\/www.graciededieuavocats.com\/wp-content\/uploads\/2022\/09\/logo_lemonde.png\" alt=\"\" class=\"wp-image-340 size-full\" srcset=\"https:\/\/www.graciededieuavocats.com\/wp-content\/uploads\/2022\/09\/logo_lemonde.png 1024w, https:\/\/www.graciededieuavocats.com\/wp-content\/uploads\/2022\/09\/logo_lemonde-300x69.png 300w, https:\/\/www.graciededieuavocats.com\/wp-content\/uploads\/2022\/09\/logo_lemonde-768x177.png 768w\" sizes=\"auto, (max-width: 1024px) 100vw, 1024px\" \/><\/figure><div class=\"wp-block-media-text__content\">\n<p><strong>Le Monde<\/strong> &#8211; Edition du samedi 2 juillet 2022<br>\u00ab\u00a0Tourisme, Covid 19 et force majeure\u00a0\u00bb &#8211; Ma\u00eetre Florence Graci\u00e9-Dedieu<br><a href=\"https:\/\/www.graciededieuavocats.com\/wp-content\/uploads\/2022\/09\/Chro287TourismeCovidForceMajeure.pdf\" target=\"_blank\" rel=\"noreferrer noopener\">T\u00e9l\u00e9charger l&rsquo;article<\/a><\/p>\n<\/div><\/div>\n\n\n\n<div style=\"height:20px\" aria-hidden=\"true\" class=\"wp-block-spacer\"><\/div>\n\n\n\n<p><\/p>\n\n\n\n<hr class=\"wp-block-separator has-css-opacity is-style-wide\"\/>\n\n\n\n<div style=\"height:20px\" aria-hidden=\"true\" class=\"wp-block-spacer\"><\/div>\n\n\n\n<p><\/p>\n\n\n\n<div style=\"height:100px\" aria-hidden=\"true\" class=\"wp-block-spacer\"><\/div>\n","protected":false},"excerpt":{"rendered":"<p>REVUE DE PRESSE Droit du tourisme \u00ab\u00a0Responsabilit\u00e9 du transporteur a\u00e9rien en cas d\u2019annulation ou de retard de vol\u00a0\u00bb\u00ab\u00a0Retard ou annulation de vol : peut-on obtenir plus que l\u2019indemnisation forfaitaire du r\u00e8glement CE 261\/2004 ?\u00a0\u00bb &#8211; Ma\u00eetre Florence Graci\u00e9-DedieuT\u00e9l\u00e9charger le document Droit du tourisme \u00ab\u00a0Accident mortel de la circulation \u00e0 l&rsquo;\u00e9tranger, indemnisation des ayants droits\u00a0\u00bb\u00ab\u00a0Une solution&hellip; <br \/> <a class=\"read-more\" href=\"https:\/\/www.graciededieuavocats.com\/?page_id=334\">Lire la suite<\/a><\/p>\n","protected":false},"author":1,"featured_media":0,"parent":0,"menu_order":0,"comment_status":"closed","ping_status":"closed","template":"","meta":{"footnotes":""},"class_list":["post-334","page","type-page","status-publish","hentry"],"yoast_head":"<!-- This site is optimized with the Yoast SEO plugin v25.5 - https:\/\/yoast.com\/wordpress\/plugins\/seo\/ -->\n<title>REVUE DE PRESSE - Arcavocats Cabinet Graci\u00e9-Dedieu<\/title>\n<meta name=\"robots\" content=\"index, follow, max-snippet:-1, max-image-preview:large, max-video-preview:-1\" \/>\n<link rel=\"canonical\" href=\"https:\/\/www.graciededieuavocats.com\/?page_id=334\" \/>\n<meta property=\"og:locale\" content=\"fr_FR\" \/>\n<meta property=\"og:type\" content=\"article\" \/>\n<meta property=\"og:title\" content=\"REVUE DE PRESSE - Arcavocats Cabinet Graci\u00e9-Dedieu\" \/>\n<meta property=\"og:description\" content=\"REVUE DE PRESSE Droit du tourisme \u00ab\u00a0Responsabilit\u00e9 du transporteur a\u00e9rien en cas d\u2019annulation ou de retard de vol\u00a0\u00bb\u00ab\u00a0Retard ou annulation de vol : peut-on obtenir plus que l\u2019indemnisation forfaitaire du r\u00e8glement CE 261\/2004 ?\u00a0\u00bb &#8211; Ma\u00eetre Florence Graci\u00e9-DedieuT\u00e9l\u00e9charger le document Droit du tourisme \u00ab\u00a0Accident mortel de la circulation \u00e0 l&rsquo;\u00e9tranger, indemnisation des ayants droits\u00a0\u00bb\u00ab\u00a0Une solution&hellip; Lire la suite\" \/>\n<meta property=\"og:url\" content=\"https:\/\/www.graciededieuavocats.com\/?page_id=334\" \/>\n<meta property=\"og:site_name\" content=\"Arcavocats Cabinet Graci\u00e9-Dedieu\" \/>\n<meta property=\"article:modified_time\" content=\"2025-08-12T17:56:00+00:00\" \/>\n<meta property=\"og:image\" content=\"https:\/\/www.graciededieuavocats.com\/wp-content\/uploads\/2025\/03\/article_arcavocats.jpg\" \/>\n\t<meta property=\"og:image:width\" content=\"580\" \/>\n\t<meta property=\"og:image:height\" content=\"400\" \/>\n\t<meta property=\"og:image:type\" content=\"image\/jpeg\" \/>\n<meta name=\"twitter:card\" content=\"summary_large_image\" \/>\n<meta name=\"twitter:label1\" content=\"Dur\u00e9e de lecture estim\u00e9e\" \/>\n\t<meta name=\"twitter:data1\" content=\"3 minutes\" \/>\n<script type=\"application\/ld+json\" class=\"yoast-schema-graph\">{\"@context\":\"https:\/\/schema.org\",\"@graph\":[{\"@type\":\"WebPage\",\"@id\":\"https:\/\/www.graciededieuavocats.com\/?page_id=334\",\"url\":\"https:\/\/www.graciededieuavocats.com\/?page_id=334\",\"name\":\"REVUE DE PRESSE - Arcavocats Cabinet Graci\u00e9-Dedieu\",\"isPartOf\":{\"@id\":\"https:\/\/www.graciededieuavocats.com\/#website\"},\"primaryImageOfPage\":{\"@id\":\"https:\/\/www.graciededieuavocats.com\/?page_id=334#primaryimage\"},\"image\":{\"@id\":\"https:\/\/www.graciededieuavocats.com\/?page_id=334#primaryimage\"},\"thumbnailUrl\":\"https:\/\/www.graciededieuavocats.com\/wp-content\/uploads\/2025\/03\/article_arcavocats.jpg\",\"datePublished\":\"2022-09-14T16:02:08+00:00\",\"dateModified\":\"2025-08-12T17:56:00+00:00\",\"breadcrumb\":{\"@id\":\"https:\/\/www.graciededieuavocats.com\/?page_id=334#breadcrumb\"},\"inLanguage\":\"fr-FR\",\"potentialAction\":[{\"@type\":\"ReadAction\",\"target\":[\"https:\/\/www.graciededieuavocats.com\/?page_id=334\"]}]},{\"@type\":\"ImageObject\",\"inLanguage\":\"fr-FR\",\"@id\":\"https:\/\/www.graciededieuavocats.com\/?page_id=334#primaryimage\",\"url\":\"https:\/\/www.graciededieuavocats.com\/wp-content\/uploads\/2025\/03\/article_arcavocats.jpg\",\"contentUrl\":\"https:\/\/www.graciededieuavocats.com\/wp-content\/uploads\/2025\/03\/article_arcavocats.jpg\",\"width\":580,\"height\":400},{\"@type\":\"BreadcrumbList\",\"@id\":\"https:\/\/www.graciededieuavocats.com\/?page_id=334#breadcrumb\",\"itemListElement\":[{\"@type\":\"ListItem\",\"position\":1,\"name\":\"Accueil\",\"item\":\"https:\/\/www.graciededieuavocats.com\/\"},{\"@type\":\"ListItem\",\"position\":2,\"name\":\"REVUE DE PRESSE\"}]},{\"@type\":\"WebSite\",\"@id\":\"https:\/\/www.graciededieuavocats.com\/#website\",\"url\":\"https:\/\/www.graciededieuavocats.com\/\",\"name\":\"Arcavocats Cabinet Graci\u00e9-Dedieu\",\"description\":\"Avocate \u00e0 la cour\",\"potentialAction\":[{\"@type\":\"SearchAction\",\"target\":{\"@type\":\"EntryPoint\",\"urlTemplate\":\"https:\/\/www.graciededieuavocats.com\/?s={search_term_string}\"},\"query-input\":{\"@type\":\"PropertyValueSpecification\",\"valueRequired\":true,\"valueName\":\"search_term_string\"}}],\"inLanguage\":\"fr-FR\"}]}<\/script>\n<!-- \/ Yoast SEO plugin. -->","yoast_head_json":{"title":"REVUE DE PRESSE - Arcavocats Cabinet Graci\u00e9-Dedieu","robots":{"index":"index","follow":"follow","max-snippet":"max-snippet:-1","max-image-preview":"max-image-preview:large","max-video-preview":"max-video-preview:-1"},"canonical":"https:\/\/www.graciededieuavocats.com\/?page_id=334","og_locale":"fr_FR","og_type":"article","og_title":"REVUE DE PRESSE - Arcavocats Cabinet Graci\u00e9-Dedieu","og_description":"REVUE DE PRESSE Droit du tourisme \u00ab\u00a0Responsabilit\u00e9 du transporteur a\u00e9rien en cas d\u2019annulation ou de retard de vol\u00a0\u00bb\u00ab\u00a0Retard ou annulation de vol : peut-on obtenir plus que l\u2019indemnisation forfaitaire du r\u00e8glement CE 261\/2004 ?\u00a0\u00bb &#8211; Ma\u00eetre Florence Graci\u00e9-DedieuT\u00e9l\u00e9charger le document Droit du tourisme \u00ab\u00a0Accident mortel de la circulation \u00e0 l&rsquo;\u00e9tranger, indemnisation des ayants droits\u00a0\u00bb\u00ab\u00a0Une solution&hellip; Lire la suite","og_url":"https:\/\/www.graciededieuavocats.com\/?page_id=334","og_site_name":"Arcavocats Cabinet Graci\u00e9-Dedieu","article_modified_time":"2025-08-12T17:56:00+00:00","og_image":[{"width":580,"height":400,"url":"https:\/\/www.graciededieuavocats.com\/wp-content\/uploads\/2025\/03\/article_arcavocats.jpg","type":"image\/jpeg"}],"twitter_card":"summary_large_image","twitter_misc":{"Dur\u00e9e de lecture estim\u00e9e":"3 minutes"},"schema":{"@context":"https:\/\/schema.org","@graph":[{"@type":"WebPage","@id":"https:\/\/www.graciededieuavocats.com\/?page_id=334","url":"https:\/\/www.graciededieuavocats.com\/?page_id=334","name":"REVUE DE PRESSE - Arcavocats Cabinet Graci\u00e9-Dedieu","isPartOf":{"@id":"https:\/\/www.graciededieuavocats.com\/#website"},"primaryImageOfPage":{"@id":"https:\/\/www.graciededieuavocats.com\/?page_id=334#primaryimage"},"image":{"@id":"https:\/\/www.graciededieuavocats.com\/?page_id=334#primaryimage"},"thumbnailUrl":"https:\/\/www.graciededieuavocats.com\/wp-content\/uploads\/2025\/03\/article_arcavocats.jpg","datePublished":"2022-09-14T16:02:08+00:00","dateModified":"2025-08-12T17:56:00+00:00","breadcrumb":{"@id":"https:\/\/www.graciededieuavocats.com\/?page_id=334#breadcrumb"},"inLanguage":"fr-FR","potentialAction":[{"@type":"ReadAction","target":["https:\/\/www.graciededieuavocats.com\/?page_id=334"]}]},{"@type":"ImageObject","inLanguage":"fr-FR","@id":"https:\/\/www.graciededieuavocats.com\/?page_id=334#primaryimage","url":"https:\/\/www.graciededieuavocats.com\/wp-content\/uploads\/2025\/03\/article_arcavocats.jpg","contentUrl":"https:\/\/www.graciededieuavocats.com\/wp-content\/uploads\/2025\/03\/article_arcavocats.jpg","width":580,"height":400},{"@type":"BreadcrumbList","@id":"https:\/\/www.graciededieuavocats.com\/?page_id=334#breadcrumb","itemListElement":[{"@type":"ListItem","position":1,"name":"Accueil","item":"https:\/\/www.graciededieuavocats.com\/"},{"@type":"ListItem","position":2,"name":"REVUE DE PRESSE"}]},{"@type":"WebSite","@id":"https:\/\/www.graciededieuavocats.com\/#website","url":"https:\/\/www.graciededieuavocats.com\/","name":"Arcavocats Cabinet Graci\u00e9-Dedieu","description":"Avocate \u00e0 la cour","potentialAction":[{"@type":"SearchAction","target":{"@type":"EntryPoint","urlTemplate":"https:\/\/www.graciededieuavocats.com\/?s={search_term_string}"},"query-input":{"@type":"PropertyValueSpecification","valueRequired":true,"valueName":"search_term_string"}}],"inLanguage":"fr-FR"}]}},"_links":{"self":[{"href":"https:\/\/www.graciededieuavocats.com\/index.php?rest_route=\/wp\/v2\/pages\/334","targetHints":{"allow":["GET"]}}],"collection":[{"href":"https:\/\/www.graciededieuavocats.com\/index.php?rest_route=\/wp\/v2\/pages"}],"about":[{"href":"https:\/\/www.graciededieuavocats.com\/index.php?rest_route=\/wp\/v2\/types\/page"}],"author":[{"embeddable":true,"href":"https:\/\/www.graciededieuavocats.com\/index.php?rest_route=\/wp\/v2\/users\/1"}],"replies":[{"embeddable":true,"href":"https:\/\/www.graciededieuavocats.com\/index.php?rest_route=%2Fwp%2Fv2%2Fcomments&post=334"}],"version-history":[{"count":0,"href":"https:\/\/www.graciededieuavocats.com\/index.php?rest_route=\/wp\/v2\/pages\/334\/revisions"}],"wp:attachment":[{"href":"https:\/\/www.graciededieuavocats.com\/index.php?rest_route=%2Fwp%2Fv2%2Fmedia&parent=334"}],"curies":[{"name":"wp","href":"https:\/\/api.w.org\/{rel}","templated":true}]}}