{"id":322,"date":"2021-01-12T16:23:13","date_gmt":"2021-01-12T15:23:13","guid":{"rendered":"https:\/\/www.graciededieuavocats.com\/?page_id=322"},"modified":"2025-08-12T19:47:51","modified_gmt":"2025-08-12T17:47:51","slug":"droit-du-tourisme","status":"publish","type":"page","link":"https:\/\/www.graciededieuavocats.com\/?page_id=322","title":{"rendered":"DROIT DU TOURISME"},"content":{"rendered":"\n<h2 class=\"wp-block-heading has-text-align-left has-large-font-size\">DROIT DU TOURISME<\/h2>\n\n\n\n<div style=\"height:20px\" aria-hidden=\"true\" class=\"wp-block-spacer\"><\/div>\n\n\n\n<div class=\"wp-block-media-text alignwide has-media-on-the-right is-stacked-on-mobile\" style=\"grid-template-columns:auto 35%\"><div class=\"wp-block-media-text__content\">\n<h4 class=\"wp-block-heading\">Droit du tourisme et droit a\u00e9rien : une expertise reconnue<\/h4>\n\n\n\n<p class=\"has-text-align-left\">Riche d\u2019une exp\u00e9rience acquise depuis 2014, Ma\u00eetre Florence Graci\u00e9-Dedieu accompagne les voyagistes (tour op\u00e9rateur et agence de voyage) avec rigueur et r\u00e9activit\u00e9 dans l\u2019application du Code du tourisme et du droit europ\u00e9en, et la d\u00e9fense des droits des voyageurs.<br><br>Son expertise couvre l\u2019ensemble des probl\u00e9matiques relatives aux agences de voyages, tours op\u00e9rateurs et transporteurs a\u00e9riens, tant en conseil qu\u2019en contentieux.<\/p>\n\n\n\n<h4 class=\"wp-block-heading\">Notre cabinet intervient r\u00e9guli\u00e8rement dans des litiges li\u00e9s :<\/h4>\n\n\n\n<ul class=\"wp-block-list\">\n<li>\u00e0 l\u2019annulation ou au retard de vols,<\/li>\n\n\n\n<li>aux refus d\u2019embarquement,<\/li>\n\n\n\n<li>aux prestations touristiques,<\/li>\n<\/ul>\n\n\n\n<p>Nous ma\u00eetrisons parfaitement les textes applicables, notamment le r\u00e8glement (CE) n\u00b0 261\/2004 sur les droits des passagers a\u00e9riens, la convention de Montr\u00e9al, ainsi que les principales d\u00e9cisions de la Cour de justice de l\u2019Union europ\u00e9enne (CJUE), et nationales.<br><br>Que vous soyez professionnel du tourisme ou voyageur l\u00e9s\u00e9, nous mettons \u00e0 votre service une comp\u00e9tence juridique approfondie et une solide pratique contentieuse, pour faire valoir vos droits, obtenir les indemnit\u00e9s dues et s\u00e9curiser vos op\u00e9rations.<\/p>\n<\/div><figure class=\"wp-block-media-text__media\"><img loading=\"lazy\" decoding=\"async\" width=\"1024\" height=\"680\" src=\"https:\/\/www.graciededieuavocats.com\/wp-content\/uploads\/2021\/01\/plane-841441_1280-1-1024x680.jpg\" alt=\"\" class=\"wp-image-315 size-full\" srcset=\"https:\/\/www.graciededieuavocats.com\/wp-content\/uploads\/2021\/01\/plane-841441_1280-1-1024x680.jpg 1024w, https:\/\/www.graciededieuavocats.com\/wp-content\/uploads\/2021\/01\/plane-841441_1280-1-300x199.jpg 300w, https:\/\/www.graciededieuavocats.com\/wp-content\/uploads\/2021\/01\/plane-841441_1280-1-768x510.jpg 768w, https:\/\/www.graciededieuavocats.com\/wp-content\/uploads\/2021\/01\/plane-841441_1280-1.jpg 1280w\" sizes=\"auto, (max-width: 1024px) 100vw, 1024px\" \/><\/figure><\/div>\n\n\n\n<div style=\"height:20px\" aria-hidden=\"true\" class=\"wp-block-spacer\"><\/div>\n\n\n\n<ul class=\"wp-block-list\"><\/ul>\n\n\n\n<div style=\"height:20px\" aria-hidden=\"true\" class=\"wp-block-spacer\"><\/div>\n\n\n\n<p><\/p>\n","protected":false},"excerpt":{"rendered":"<p>DROIT DU TOURISME<\/p>\n","protected":false},"author":1,"featured_media":0,"parent":0,"menu_order":0,"comment_status":"closed","ping_status":"closed","template":"","meta":{"footnotes":""},"class_list":["post-322","page","type-page","status-publish","hentry"],"yoast_head":"<!-- This site is optimized with the Yoast SEO plugin v25.5 - https:\/\/yoast.com\/wordpress\/plugins\/seo\/ -->\n<title>DROIT DU TOURISME - Arcavocats Cabinet Graci\u00e9-Dedieu<\/title>\n<meta name=\"robots\" content=\"index, follow, max-snippet:-1, max-image-preview:large, max-video-preview:-1\" \/>\n<link rel=\"canonical\" href=\"https:\/\/www.graciededieuavocats.com\/?page_id=322\" \/>\n<meta property=\"og:locale\" content=\"fr_FR\" \/>\n<meta property=\"og:type\" content=\"article\" \/>\n<meta property=\"og:title\" content=\"DROIT DU TOURISME - Arcavocats Cabinet Graci\u00e9-Dedieu\" \/>\n<meta property=\"og:description\" content=\"DROIT DU TOURISME\" \/>\n<meta property=\"og:url\" content=\"https:\/\/www.graciededieuavocats.com\/?page_id=322\" \/>\n<meta property=\"og:site_name\" content=\"Arcavocats Cabinet Graci\u00e9-Dedieu\" \/>\n<meta property=\"article:modified_time\" content=\"2025-08-12T17:47:51+00:00\" \/>\n<meta property=\"og:image\" content=\"https:\/\/www.graciededieuavocats.com\/wp-content\/uploads\/2021\/01\/plane-841441_1280-1.jpg\" \/>\n\t<meta property=\"og:image:width\" content=\"1280\" \/>\n\t<meta property=\"og:image:height\" content=\"850\" \/>\n\t<meta property=\"og:image:type\" content=\"image\/jpeg\" \/>\n<meta name=\"twitter:card\" content=\"summary_large_image\" \/>\n<meta name=\"twitter:label1\" content=\"Dur\u00e9e de lecture estim\u00e9e\" \/>\n\t<meta name=\"twitter:data1\" content=\"2 minutes\" \/>\n<script type=\"application\/ld+json\" class=\"yoast-schema-graph\">{\"@context\":\"https:\/\/schema.org\",\"@graph\":[{\"@type\":\"WebPage\",\"@id\":\"https:\/\/www.graciededieuavocats.com\/?page_id=322\",\"url\":\"https:\/\/www.graciededieuavocats.com\/?page_id=322\",\"name\":\"DROIT DU TOURISME - Arcavocats Cabinet Graci\u00e9-Dedieu\",\"isPartOf\":{\"@id\":\"https:\/\/www.graciededieuavocats.com\/#website\"},\"primaryImageOfPage\":{\"@id\":\"https:\/\/www.graciededieuavocats.com\/?page_id=322#primaryimage\"},\"image\":{\"@id\":\"https:\/\/www.graciededieuavocats.com\/?page_id=322#primaryimage\"},\"thumbnailUrl\":\"https:\/\/www.graciededieuavocats.com\/wp-content\/uploads\/2021\/01\/plane-841441_1280-1-1024x680.jpg\",\"datePublished\":\"2021-01-12T15:23:13+00:00\",\"dateModified\":\"2025-08-12T17:47:51+00:00\",\"breadcrumb\":{\"@id\":\"https:\/\/www.graciededieuavocats.com\/?page_id=322#breadcrumb\"},\"inLanguage\":\"fr-FR\",\"potentialAction\":[{\"@type\":\"ReadAction\",\"target\":[\"https:\/\/www.graciededieuavocats.com\/?page_id=322\"]}]},{\"@type\":\"ImageObject\",\"inLanguage\":\"fr-FR\",\"@id\":\"https:\/\/www.graciededieuavocats.com\/?page_id=322#primaryimage\",\"url\":\"https:\/\/www.graciededieuavocats.com\/wp-content\/uploads\/2021\/01\/plane-841441_1280-1.jpg\",\"contentUrl\":\"https:\/\/www.graciededieuavocats.com\/wp-content\/uploads\/2021\/01\/plane-841441_1280-1.jpg\",\"width\":1280,\"height\":850},{\"@type\":\"BreadcrumbList\",\"@id\":\"https:\/\/www.graciededieuavocats.com\/?page_id=322#breadcrumb\",\"itemListElement\":[{\"@type\":\"ListItem\",\"position\":1,\"name\":\"Accueil\",\"item\":\"https:\/\/www.graciededieuavocats.com\/\"},{\"@type\":\"ListItem\",\"position\":2,\"name\":\"DROIT DU TOURISME\"}]},{\"@type\":\"WebSite\",\"@id\":\"https:\/\/www.graciededieuavocats.com\/#website\",\"url\":\"https:\/\/www.graciededieuavocats.com\/\",\"name\":\"Arcavocats Cabinet Graci\u00e9-Dedieu\",\"description\":\"Avocate \u00e0 la cour\",\"potentialAction\":[{\"@type\":\"SearchAction\",\"target\":{\"@type\":\"EntryPoint\",\"urlTemplate\":\"https:\/\/www.graciededieuavocats.com\/?s={search_term_string}\"},\"query-input\":{\"@type\":\"PropertyValueSpecification\",\"valueRequired\":true,\"valueName\":\"search_term_string\"}}],\"inLanguage\":\"fr-FR\"}]}<\/script>\n<!-- \/ Yoast SEO plugin. -->","yoast_head_json":{"title":"DROIT DU TOURISME - Arcavocats Cabinet Graci\u00e9-Dedieu","robots":{"index":"index","follow":"follow","max-snippet":"max-snippet:-1","max-image-preview":"max-image-preview:large","max-video-preview":"max-video-preview:-1"},"canonical":"https:\/\/www.graciededieuavocats.com\/?page_id=322","og_locale":"fr_FR","og_type":"article","og_title":"DROIT DU TOURISME - Arcavocats Cabinet Graci\u00e9-Dedieu","og_description":"DROIT DU TOURISME","og_url":"https:\/\/www.graciededieuavocats.com\/?page_id=322","og_site_name":"Arcavocats Cabinet Graci\u00e9-Dedieu","article_modified_time":"2025-08-12T17:47:51+00:00","og_image":[{"width":1280,"height":850,"url":"https:\/\/www.graciededieuavocats.com\/wp-content\/uploads\/2021\/01\/plane-841441_1280-1.jpg","type":"image\/jpeg"}],"twitter_card":"summary_large_image","twitter_misc":{"Dur\u00e9e de lecture estim\u00e9e":"2 minutes"},"schema":{"@context":"https:\/\/schema.org","@graph":[{"@type":"WebPage","@id":"https:\/\/www.graciededieuavocats.com\/?page_id=322","url":"https:\/\/www.graciededieuavocats.com\/?page_id=322","name":"DROIT DU TOURISME - Arcavocats Cabinet Graci\u00e9-Dedieu","isPartOf":{"@id":"https:\/\/www.graciededieuavocats.com\/#website"},"primaryImageOfPage":{"@id":"https:\/\/www.graciededieuavocats.com\/?page_id=322#primaryimage"},"image":{"@id":"https:\/\/www.graciededieuavocats.com\/?page_id=322#primaryimage"},"thumbnailUrl":"https:\/\/www.graciededieuavocats.com\/wp-content\/uploads\/2021\/01\/plane-841441_1280-1-1024x680.jpg","datePublished":"2021-01-12T15:23:13+00:00","dateModified":"2025-08-12T17:47:51+00:00","breadcrumb":{"@id":"https:\/\/www.graciededieuavocats.com\/?page_id=322#breadcrumb"},"inLanguage":"fr-FR","potentialAction":[{"@type":"ReadAction","target":["https:\/\/www.graciededieuavocats.com\/?page_id=322"]}]},{"@type":"ImageObject","inLanguage":"fr-FR","@id":"https:\/\/www.graciededieuavocats.com\/?page_id=322#primaryimage","url":"https:\/\/www.graciededieuavocats.com\/wp-content\/uploads\/2021\/01\/plane-841441_1280-1.jpg","contentUrl":"https:\/\/www.graciededieuavocats.com\/wp-content\/uploads\/2021\/01\/plane-841441_1280-1.jpg","width":1280,"height":850},{"@type":"BreadcrumbList","@id":"https:\/\/www.graciededieuavocats.com\/?page_id=322#breadcrumb","itemListElement":[{"@type":"ListItem","position":1,"name":"Accueil","item":"https:\/\/www.graciededieuavocats.com\/"},{"@type":"ListItem","position":2,"name":"DROIT DU TOURISME"}]},{"@type":"WebSite","@id":"https:\/\/www.graciededieuavocats.com\/#website","url":"https:\/\/www.graciededieuavocats.com\/","name":"Arcavocats Cabinet Graci\u00e9-Dedieu","description":"Avocate \u00e0 la cour","potentialAction":[{"@type":"SearchAction","target":{"@type":"EntryPoint","urlTemplate":"https:\/\/www.graciededieuavocats.com\/?s={search_term_string}"},"query-input":{"@type":"PropertyValueSpecification","valueRequired":true,"valueName":"search_term_string"}}],"inLanguage":"fr-FR"}]}},"_links":{"self":[{"href":"https:\/\/www.graciededieuavocats.com\/index.php?rest_route=\/wp\/v2\/pages\/322","targetHints":{"allow":["GET"]}}],"collection":[{"href":"https:\/\/www.graciededieuavocats.com\/index.php?rest_route=\/wp\/v2\/pages"}],"about":[{"href":"https:\/\/www.graciededieuavocats.com\/index.php?rest_route=\/wp\/v2\/types\/page"}],"author":[{"embeddable":true,"href":"https:\/\/www.graciededieuavocats.com\/index.php?rest_route=\/wp\/v2\/users\/1"}],"replies":[{"embeddable":true,"href":"https:\/\/www.graciededieuavocats.com\/index.php?rest_route=%2Fwp%2Fv2%2Fcomments&post=322"}],"version-history":[{"count":0,"href":"https:\/\/www.graciededieuavocats.com\/index.php?rest_route=\/wp\/v2\/pages\/322\/revisions"}],"wp:attachment":[{"href":"https:\/\/www.graciededieuavocats.com\/index.php?rest_route=%2Fwp%2Fv2%2Fmedia&parent=322"}],"curies":[{"name":"wp","href":"https:\/\/api.w.org\/{rel}","templated":true}]}}