{"id":320,"date":"2021-01-12T16:19:48","date_gmt":"2021-01-12T15:19:48","guid":{"rendered":"https:\/\/www.graciededieuavocats.com\/?page_id=320"},"modified":"2025-08-12T19:34:07","modified_gmt":"2025-08-12T17:34:07","slug":"320-2","status":"publish","type":"page","link":"https:\/\/www.graciededieuavocats.com\/?page_id=320","title":{"rendered":"DROIT DES AFFAIRES"},"content":{"rendered":"\n<h2 class=\"wp-block-heading has-large-font-size\"><strong>DROIT DES AFFAIRES<\/strong><\/h2>\n\n\n\n<div class=\"wp-block-media-text alignwide is-stacked-on-mobile\" style=\"grid-template-columns:37% auto\"><figure class=\"wp-block-media-text__media\"><img loading=\"lazy\" decoding=\"async\" width=\"1024\" height=\"685\" src=\"https:\/\/www.graciededieuavocats.com\/wp-content\/uploads\/2021\/01\/handshake-440959_1280-1024x685.jpg\" alt=\"\" class=\"wp-image-314 size-full\" srcset=\"https:\/\/www.graciededieuavocats.com\/wp-content\/uploads\/2021\/01\/handshake-440959_1280-1024x685.jpg 1024w, https:\/\/www.graciededieuavocats.com\/wp-content\/uploads\/2021\/01\/handshake-440959_1280-300x201.jpg 300w, https:\/\/www.graciededieuavocats.com\/wp-content\/uploads\/2021\/01\/handshake-440959_1280-768x514.jpg 768w, https:\/\/www.graciededieuavocats.com\/wp-content\/uploads\/2021\/01\/handshake-440959_1280.jpg 1280w\" sizes=\"auto, (max-width: 1024px) 100vw, 1024px\" \/><\/figure><div class=\"wp-block-media-text__content\">\n<p class=\"has-medium-font-size\"><strong>Droit des affaires : un accompagnement strat\u00e9gique et op\u00e9rationnel<\/strong><\/p>\n\n\n\n<p>Le cabinet vous accompagne \u00e0 chaque \u00e9tape de la vie de votre entreprise, qu\u2019elle soit commerciale ou civile, en vous offrant une expertise compl\u00e8te en conseil juridique, contractualisation et contentieux commercial.<br><br>Nous mettons au service des dirigeants, associ\u00e9s et entrepreneurs une approche fond\u00e9e sur la r\u00e9activit\u00e9, la disponibilit\u00e9 et une relation de confiance, au m\u00eame niveau d\u2019exigence que la qualit\u00e9 juridique de nos prestations.<\/p>\n\n\n\n<p><\/p>\n<\/div><\/div>\n\n\n\n<h4 class=\"wp-block-heading\"><br><strong>Nos domaines d\u2019intervention :<br><br>Conseil et accompagnement juridique courant<\/strong><\/h4>\n\n\n\n<ul class=\"wp-block-list\">\n<li>Suivi juridique annuel (approbation des comptes, tenue des registres\u2026)<\/li>\n\n\n\n<li>Constitution de soci\u00e9t\u00e9s (statuts, formalit\u00e9s, pactes d\u2019associ\u00e9s)<\/li>\n\n\n\n<li>Anticipation et gestion des difficult\u00e9s (pr\u00e9vention, mandat ad hoc, proc\u00e9dures collectives)<\/li>\n\n\n\n<li>Constitution de soci\u00e9t\u00e9s (statuts, formalit\u00e9s, pactes d\u2019associ\u00e9s)<\/li>\n<\/ul>\n\n\n\n<h4 class=\"wp-block-heading\"><strong>Contrats commerciaux et structuration de l\u2019activit\u00e9 :<\/strong><\/h4>\n\n\n\n<ul class=\"wp-block-list\">\n<li>R\u00e9daction de conditions g\u00e9n\u00e9rales de vente et d\u2019achat<\/li>\n\n\n\n<li>Contrats de distribution, de franchise, d\u2019apport, de prestations de services<\/li>\n\n\n\n<li>Baux commerciaux, contrats de partenariat et accords sp\u00e9cifiques<\/li>\n<\/ul>\n\n\n\n<h4 class=\"wp-block-heading\"><strong>Op\u00e9rations exceptionnelles et haut de bilan :<\/strong><\/h4>\n\n\n\n<ul class=\"wp-block-list\">\n<li>Cessions de titres, apports, fusions, scissions<\/li>\n\n\n\n<li>Restructuration de groupes, transformations sociales<\/li>\n\n\n\n<li>R\u00e9organisation des relations entre associ\u00e9s et gouvernance<\/li>\n<\/ul>\n\n\n\n<h4 class=\"wp-block-heading\"><strong>Contentieux des affaires :<\/strong><br><strong><br>Nous intervenons \u00e9galement devant les juridictions civiles et commerciales, dans le cadre :<\/strong><\/h4>\n\n\n\n<ul class=\"wp-block-list\">\n<li>de litiges entre associ\u00e9s ou li\u00e9s \u00e0 la gouvernance,<\/li>\n\n\n\n<li>d\u2019actions en concurrence d\u00e9loyale ou parasitaire,<\/li>\n\n\n\n<li>de contentieux en droit de la distribution (franchise, exclusivit\u00e9, rupture brutale de relations commerciales \u00e9tablies),<\/li>\n\n\n\n<li>de conflits contractuels et de recouvrement.<\/li>\n<\/ul>\n\n\n\n<hr class=\"wp-block-separator has-css-opacity is-style-wide\"\/>\n\n\n\n<div style=\"height:20px\" aria-hidden=\"true\" class=\"wp-block-spacer\"><\/div>\n","protected":false},"excerpt":{"rendered":"<p>DROIT DES AFFAIRES Droit des affaires : un accompagnement strat\u00e9gique et op\u00e9rationnel Le cabinet vous accompagne \u00e0 chaque \u00e9tape de la vie de votre entreprise, qu\u2019elle soit commerciale ou civile, en vous offrant une expertise compl\u00e8te en conseil juridique, contractualisation et contentieux commercial. Nous mettons au service des dirigeants, associ\u00e9s et entrepreneurs une approche fond\u00e9e&hellip; <br \/> <a class=\"read-more\" href=\"https:\/\/www.graciededieuavocats.com\/?page_id=320\">Lire la suite<\/a><\/p>\n","protected":false},"author":1,"featured_media":0,"parent":0,"menu_order":0,"comment_status":"closed","ping_status":"closed","template":"","meta":{"footnotes":""},"class_list":["post-320","page","type-page","status-publish","hentry"],"yoast_head":"<!-- This site is optimized with the Yoast SEO plugin v25.5 - https:\/\/yoast.com\/wordpress\/plugins\/seo\/ -->\n<title>DROIT DES AFFAIRES - Arcavocats Cabinet Graci\u00e9-Dedieu<\/title>\n<meta name=\"robots\" content=\"index, follow, max-snippet:-1, max-image-preview:large, max-video-preview:-1\" \/>\n<link rel=\"canonical\" href=\"https:\/\/www.graciededieuavocats.com\/?page_id=320\" \/>\n<meta property=\"og:locale\" content=\"fr_FR\" \/>\n<meta property=\"og:type\" content=\"article\" \/>\n<meta property=\"og:title\" content=\"DROIT DES AFFAIRES - Arcavocats Cabinet Graci\u00e9-Dedieu\" \/>\n<meta property=\"og:description\" content=\"DROIT DES AFFAIRES Droit des affaires : un accompagnement strat\u00e9gique et op\u00e9rationnel Le cabinet vous accompagne \u00e0 chaque \u00e9tape de la vie de votre entreprise, qu\u2019elle soit commerciale ou civile, en vous offrant une expertise compl\u00e8te en conseil juridique, contractualisation et contentieux commercial. Nous mettons au service des dirigeants, associ\u00e9s et entrepreneurs une approche fond\u00e9e&hellip; Lire la suite\" \/>\n<meta property=\"og:url\" content=\"https:\/\/www.graciededieuavocats.com\/?page_id=320\" \/>\n<meta property=\"og:site_name\" content=\"Arcavocats Cabinet Graci\u00e9-Dedieu\" \/>\n<meta property=\"article:modified_time\" content=\"2025-08-12T17:34:07+00:00\" \/>\n<meta property=\"og:image\" content=\"https:\/\/www.graciededieuavocats.com\/wp-content\/uploads\/2021\/01\/handshake-440959_1280.jpg\" \/>\n\t<meta property=\"og:image:width\" content=\"1280\" \/>\n\t<meta property=\"og:image:height\" content=\"856\" \/>\n\t<meta property=\"og:image:type\" content=\"image\/jpeg\" \/>\n<meta name=\"twitter:card\" content=\"summary_large_image\" \/>\n<meta name=\"twitter:label1\" content=\"Dur\u00e9e de lecture estim\u00e9e\" \/>\n\t<meta name=\"twitter:data1\" content=\"2 minutes\" \/>\n<script type=\"application\/ld+json\" class=\"yoast-schema-graph\">{\"@context\":\"https:\/\/schema.org\",\"@graph\":[{\"@type\":\"WebPage\",\"@id\":\"https:\/\/www.graciededieuavocats.com\/?page_id=320\",\"url\":\"https:\/\/www.graciededieuavocats.com\/?page_id=320\",\"name\":\"DROIT DES AFFAIRES - Arcavocats Cabinet Graci\u00e9-Dedieu\",\"isPartOf\":{\"@id\":\"https:\/\/www.graciededieuavocats.com\/#website\"},\"primaryImageOfPage\":{\"@id\":\"https:\/\/www.graciededieuavocats.com\/?page_id=320#primaryimage\"},\"image\":{\"@id\":\"https:\/\/www.graciededieuavocats.com\/?page_id=320#primaryimage\"},\"thumbnailUrl\":\"https:\/\/www.graciededieuavocats.com\/wp-content\/uploads\/2021\/01\/handshake-440959_1280-1024x685.jpg\",\"datePublished\":\"2021-01-12T15:19:48+00:00\",\"dateModified\":\"2025-08-12T17:34:07+00:00\",\"breadcrumb\":{\"@id\":\"https:\/\/www.graciededieuavocats.com\/?page_id=320#breadcrumb\"},\"inLanguage\":\"fr-FR\",\"potentialAction\":[{\"@type\":\"ReadAction\",\"target\":[\"https:\/\/www.graciededieuavocats.com\/?page_id=320\"]}]},{\"@type\":\"ImageObject\",\"inLanguage\":\"fr-FR\",\"@id\":\"https:\/\/www.graciededieuavocats.com\/?page_id=320#primaryimage\",\"url\":\"https:\/\/www.graciededieuavocats.com\/wp-content\/uploads\/2021\/01\/handshake-440959_1280.jpg\",\"contentUrl\":\"https:\/\/www.graciededieuavocats.com\/wp-content\/uploads\/2021\/01\/handshake-440959_1280.jpg\",\"width\":1280,\"height\":856},{\"@type\":\"BreadcrumbList\",\"@id\":\"https:\/\/www.graciededieuavocats.com\/?page_id=320#breadcrumb\",\"itemListElement\":[{\"@type\":\"ListItem\",\"position\":1,\"name\":\"Accueil\",\"item\":\"https:\/\/www.graciededieuavocats.com\/\"},{\"@type\":\"ListItem\",\"position\":2,\"name\":\"DROIT DES AFFAIRES\"}]},{\"@type\":\"WebSite\",\"@id\":\"https:\/\/www.graciededieuavocats.com\/#website\",\"url\":\"https:\/\/www.graciededieuavocats.com\/\",\"name\":\"Arcavocats Cabinet Graci\u00e9-Dedieu\",\"description\":\"Avocate \u00e0 la cour\",\"potentialAction\":[{\"@type\":\"SearchAction\",\"target\":{\"@type\":\"EntryPoint\",\"urlTemplate\":\"https:\/\/www.graciededieuavocats.com\/?s={search_term_string}\"},\"query-input\":{\"@type\":\"PropertyValueSpecification\",\"valueRequired\":true,\"valueName\":\"search_term_string\"}}],\"inLanguage\":\"fr-FR\"}]}<\/script>\n<!-- \/ Yoast SEO plugin. -->","yoast_head_json":{"title":"DROIT DES AFFAIRES - Arcavocats Cabinet Graci\u00e9-Dedieu","robots":{"index":"index","follow":"follow","max-snippet":"max-snippet:-1","max-image-preview":"max-image-preview:large","max-video-preview":"max-video-preview:-1"},"canonical":"https:\/\/www.graciededieuavocats.com\/?page_id=320","og_locale":"fr_FR","og_type":"article","og_title":"DROIT DES AFFAIRES - Arcavocats Cabinet Graci\u00e9-Dedieu","og_description":"DROIT DES AFFAIRES Droit des affaires : un accompagnement strat\u00e9gique et op\u00e9rationnel Le cabinet vous accompagne \u00e0 chaque \u00e9tape de la vie de votre entreprise, qu\u2019elle soit commerciale ou civile, en vous offrant une expertise compl\u00e8te en conseil juridique, contractualisation et contentieux commercial. Nous mettons au service des dirigeants, associ\u00e9s et entrepreneurs une approche fond\u00e9e&hellip; Lire la suite","og_url":"https:\/\/www.graciededieuavocats.com\/?page_id=320","og_site_name":"Arcavocats Cabinet Graci\u00e9-Dedieu","article_modified_time":"2025-08-12T17:34:07+00:00","og_image":[{"width":1280,"height":856,"url":"https:\/\/www.graciededieuavocats.com\/wp-content\/uploads\/2021\/01\/handshake-440959_1280.jpg","type":"image\/jpeg"}],"twitter_card":"summary_large_image","twitter_misc":{"Dur\u00e9e de lecture estim\u00e9e":"2 minutes"},"schema":{"@context":"https:\/\/schema.org","@graph":[{"@type":"WebPage","@id":"https:\/\/www.graciededieuavocats.com\/?page_id=320","url":"https:\/\/www.graciededieuavocats.com\/?page_id=320","name":"DROIT DES AFFAIRES - Arcavocats Cabinet Graci\u00e9-Dedieu","isPartOf":{"@id":"https:\/\/www.graciededieuavocats.com\/#website"},"primaryImageOfPage":{"@id":"https:\/\/www.graciededieuavocats.com\/?page_id=320#primaryimage"},"image":{"@id":"https:\/\/www.graciededieuavocats.com\/?page_id=320#primaryimage"},"thumbnailUrl":"https:\/\/www.graciededieuavocats.com\/wp-content\/uploads\/2021\/01\/handshake-440959_1280-1024x685.jpg","datePublished":"2021-01-12T15:19:48+00:00","dateModified":"2025-08-12T17:34:07+00:00","breadcrumb":{"@id":"https:\/\/www.graciededieuavocats.com\/?page_id=320#breadcrumb"},"inLanguage":"fr-FR","potentialAction":[{"@type":"ReadAction","target":["https:\/\/www.graciededieuavocats.com\/?page_id=320"]}]},{"@type":"ImageObject","inLanguage":"fr-FR","@id":"https:\/\/www.graciededieuavocats.com\/?page_id=320#primaryimage","url":"https:\/\/www.graciededieuavocats.com\/wp-content\/uploads\/2021\/01\/handshake-440959_1280.jpg","contentUrl":"https:\/\/www.graciededieuavocats.com\/wp-content\/uploads\/2021\/01\/handshake-440959_1280.jpg","width":1280,"height":856},{"@type":"BreadcrumbList","@id":"https:\/\/www.graciededieuavocats.com\/?page_id=320#breadcrumb","itemListElement":[{"@type":"ListItem","position":1,"name":"Accueil","item":"https:\/\/www.graciededieuavocats.com\/"},{"@type":"ListItem","position":2,"name":"DROIT DES AFFAIRES"}]},{"@type":"WebSite","@id":"https:\/\/www.graciededieuavocats.com\/#website","url":"https:\/\/www.graciededieuavocats.com\/","name":"Arcavocats Cabinet Graci\u00e9-Dedieu","description":"Avocate \u00e0 la cour","potentialAction":[{"@type":"SearchAction","target":{"@type":"EntryPoint","urlTemplate":"https:\/\/www.graciededieuavocats.com\/?s={search_term_string}"},"query-input":{"@type":"PropertyValueSpecification","valueRequired":true,"valueName":"search_term_string"}}],"inLanguage":"fr-FR"}]}},"_links":{"self":[{"href":"https:\/\/www.graciededieuavocats.com\/index.php?rest_route=\/wp\/v2\/pages\/320","targetHints":{"allow":["GET"]}}],"collection":[{"href":"https:\/\/www.graciededieuavocats.com\/index.php?rest_route=\/wp\/v2\/pages"}],"about":[{"href":"https:\/\/www.graciededieuavocats.com\/index.php?rest_route=\/wp\/v2\/types\/page"}],"author":[{"embeddable":true,"href":"https:\/\/www.graciededieuavocats.com\/index.php?rest_route=\/wp\/v2\/users\/1"}],"replies":[{"embeddable":true,"href":"https:\/\/www.graciededieuavocats.com\/index.php?rest_route=%2Fwp%2Fv2%2Fcomments&post=320"}],"version-history":[{"count":0,"href":"https:\/\/www.graciededieuavocats.com\/index.php?rest_route=\/wp\/v2\/pages\/320\/revisions"}],"wp:attachment":[{"href":"https:\/\/www.graciededieuavocats.com\/index.php?rest_route=%2Fwp%2Fv2%2Fmedia&parent=320"}],"curies":[{"name":"wp","href":"https:\/\/api.w.org\/{rel}","templated":true}]}}