{"id":318,"date":"2021-01-12T16:11:02","date_gmt":"2021-01-12T15:11:02","guid":{"rendered":"https:\/\/www.graciededieuavocats.com\/?page_id=318"},"modified":"2025-07-27T19:12:11","modified_gmt":"2025-07-27T17:12:11","slug":"droit-de-la-copropriete-et-copropriete-en-difficulte","status":"publish","type":"page","link":"https:\/\/www.graciededieuavocats.com\/?page_id=318","title":{"rendered":"DROIT DE LA COPROPRIETE ET COPROPRIETE EN DIFFICULTE"},"content":{"rendered":"\n<h3 class=\"wp-block-heading\"><strong>Droit de la copropri\u00e9t\u00e9 &amp; copropri\u00e9t\u00e9s en difficult\u00e9 : conseil, strat\u00e9gie et contentieux<\/strong><\/h3>\n\n\n\n<p>Le cabinet intervient \u00e0 vos c\u00f4t\u00e9s pour assurer la gestion juridique optimale des copropri\u00e9t\u00e9s, tant en phase pr\u00e9contentieuse que devant les juridictions civiles.<br>Notre expertise s\u2019adresse aux syndicats des copropri\u00e9taires, syndics b\u00e9n\u00e9voles, administrateurs judiciaires, ainsi qu\u2019aux copropri\u00e9taires, confront\u00e9s aux nombreuses probl\u00e9matiques juridiques li\u00e9es \u00e0 la gestion collective d\u2019un immeuble.<\/p>\n\n\n\n<div class=\"wp-block-media-text alignwide has-media-on-the-right is-stacked-on-mobile is-vertically-aligned-center\" style=\"grid-template-columns:auto 38%\"><div class=\"wp-block-media-text__content\">\n<h4 class=\"wp-block-heading\">Nos domaines d&rsquo;intervention :<\/h4>\n\n\n\n<p>Copropri\u00e9t\u00e9s en difficult\u00e9 :<\/p>\n\n\n\n<ul class=\"wp-block-list\">\n<li>Assistance juridique dans le cadre de proc\u00e9dures collectives de redressement de copropri\u00e9t\u00e9, en lien \u00e9troit avec un administrateur judiciaire, qu\u2019il intervienne en mandat ad hoc ou en administration provisoire ;<\/li>\n\n\n\n<li>Assistance juridique dans le cadre de proc\u00e9dures collectives de redressement de copropri\u00e9t\u00e9, en lien \u00e9troit avec un administrateur judiciaire, qu\u2019il intervienne en mandat ad hoc ou en administration provisoire ;<\/li>\n<\/ul>\n\n\n\n<p>Gestion et contentieux de la copropri\u00e9t\u00e9 :<\/p>\n\n\n\n<ul class=\"wp-block-list\">\n<li>Recouvrement de charges impay\u00e9es, optimisation des proc\u00e9dures et mise en \u0153uvre rapide des voies d\u2019ex\u00e9cution ;<\/li>\n\n\n\n<li>Pr\u00e9paration et accompagnement des assembl\u00e9es g\u00e9n\u00e9rales : r\u00e9daction des r\u00e9solutions, conseils sur la convocation et l\u2019ordre du jour ;<\/li>\n\n\n\n<li>Contestation des d\u00e9cisions d\u2019assembl\u00e9e g\u00e9n\u00e9rale, annulation de r\u00e9solutions contraires \u00e0 la loi ou au r\u00e8glement de copropri\u00e9t\u00e9 ;<\/li>\n\n\n\n<li>Assistance dans la contestation ou r\u00e9partition des charges (r\u00e9vision des tanti\u00e8mes, erreur d\u2019imputation, charges sp\u00e9ciales\u2026) ;<\/li>\n\n\n\n<li>Audit des r\u00e8glements de copropri\u00e9t\u00e9 : identification des clauses illicites ou r\u00e9put\u00e9es non \u00e9crites, mise \u00e0 jour ou refonte des r\u00e8glements anciens.<\/li>\n<\/ul>\n\n\n\n<p>Accompagnement sp\u00e9cifique :<\/p>\n\n\n\n<ul class=\"wp-block-list\">\n<li>Aide juridique aux syndics b\u00e9n\u00e9voles, souvent d\u00e9munis face \u00e0 des situations complexes ;<\/li>\n\n\n\n<li>Repr\u00e9sentation en assembl\u00e9e g\u00e9n\u00e9rale des copropri\u00e9taires ne pouvant y assister ou souhaitant \u00eatre accompagn\u00e9s dans la d\u00e9fense de leurs int\u00e9r\u00eats.<\/li>\n<\/ul>\n<\/div><figure class=\"wp-block-media-text__media\"><img loading=\"lazy\" decoding=\"async\" width=\"1024\" height=\"679\" src=\"https:\/\/www.graciededieuavocats.com\/wp-content\/uploads\/2021\/01\/street-3416167_1280-1024x679.jpg\" alt=\"\" class=\"wp-image-311 size-full\" srcset=\"https:\/\/www.graciededieuavocats.com\/wp-content\/uploads\/2021\/01\/street-3416167_1280-1024x679.jpg 1024w, https:\/\/www.graciededieuavocats.com\/wp-content\/uploads\/2021\/01\/street-3416167_1280-300x199.jpg 300w, https:\/\/www.graciededieuavocats.com\/wp-content\/uploads\/2021\/01\/street-3416167_1280-768x509.jpg 768w, https:\/\/www.graciededieuavocats.com\/wp-content\/uploads\/2021\/01\/street-3416167_1280.jpg 1280w\" sizes=\"auto, (max-width: 1024px) 100vw, 1024px\" \/><\/figure><\/div>\n\n\n\n<div style=\"height:20px\" aria-hidden=\"true\" class=\"wp-block-spacer\"><\/div>\n\n\n\n<hr class=\"wp-block-separator has-css-opacity is-style-wide\"\/>\n\n\n\n<div style=\"height:20px\" aria-hidden=\"true\" class=\"wp-block-spacer\"><\/div>\n\n\n\n<div style=\"height:20px\" aria-hidden=\"true\" class=\"wp-block-spacer\"><\/div>\n\n\n\n<p><\/p>\n","protected":false},"excerpt":{"rendered":"<p>Droit de la copropri\u00e9t\u00e9 &amp; copropri\u00e9t\u00e9s en difficult\u00e9 : conseil, strat\u00e9gie et contentieux Le cabinet intervient \u00e0 vos c\u00f4t\u00e9s pour assurer la gestion juridique optimale des copropri\u00e9t\u00e9s, tant en phase pr\u00e9contentieuse que devant les juridictions civiles.Notre expertise s\u2019adresse aux syndicats des copropri\u00e9taires, syndics b\u00e9n\u00e9voles, administrateurs judiciaires, ainsi qu\u2019aux copropri\u00e9taires, confront\u00e9s aux nombreuses probl\u00e9matiques juridiques li\u00e9es&hellip; <br \/> <a class=\"read-more\" href=\"https:\/\/www.graciededieuavocats.com\/?page_id=318\">Lire la suite<\/a><\/p>\n","protected":false},"author":1,"featured_media":0,"parent":0,"menu_order":0,"comment_status":"closed","ping_status":"closed","template":"","meta":{"footnotes":""},"class_list":["post-318","page","type-page","status-publish","hentry"],"yoast_head":"<!-- This site is optimized with the Yoast SEO plugin v25.5 - https:\/\/yoast.com\/wordpress\/plugins\/seo\/ -->\n<title>DROIT DE LA COPROPRIETE ET COPROPRIETE EN DIFFICULTE - Arcavocats Cabinet Graci\u00e9-Dedieu<\/title>\n<meta name=\"robots\" content=\"index, follow, max-snippet:-1, max-image-preview:large, max-video-preview:-1\" \/>\n<link rel=\"canonical\" href=\"https:\/\/www.graciededieuavocats.com\/?page_id=318\" \/>\n<meta property=\"og:locale\" content=\"fr_FR\" \/>\n<meta property=\"og:type\" content=\"article\" \/>\n<meta property=\"og:title\" content=\"DROIT DE LA COPROPRIETE ET COPROPRIETE EN DIFFICULTE - Arcavocats Cabinet Graci\u00e9-Dedieu\" \/>\n<meta property=\"og:description\" content=\"Droit de la copropri\u00e9t\u00e9 &amp; copropri\u00e9t\u00e9s en difficult\u00e9 : conseil, strat\u00e9gie et contentieux Le cabinet intervient \u00e0 vos c\u00f4t\u00e9s pour assurer la gestion juridique optimale des copropri\u00e9t\u00e9s, tant en phase pr\u00e9contentieuse que devant les juridictions civiles.Notre expertise s\u2019adresse aux syndicats des copropri\u00e9taires, syndics b\u00e9n\u00e9voles, administrateurs judiciaires, ainsi qu\u2019aux copropri\u00e9taires, confront\u00e9s aux nombreuses probl\u00e9matiques juridiques li\u00e9es&hellip; Lire la suite\" \/>\n<meta property=\"og:url\" content=\"https:\/\/www.graciededieuavocats.com\/?page_id=318\" \/>\n<meta property=\"og:site_name\" content=\"Arcavocats Cabinet Graci\u00e9-Dedieu\" \/>\n<meta property=\"article:modified_time\" content=\"2025-07-27T17:12:11+00:00\" \/>\n<meta property=\"og:image\" content=\"https:\/\/www.graciededieuavocats.com\/wp-content\/uploads\/2021\/01\/street-3416167_1280.jpg\" \/>\n\t<meta property=\"og:image:width\" content=\"1280\" \/>\n\t<meta property=\"og:image:height\" content=\"849\" \/>\n\t<meta property=\"og:image:type\" content=\"image\/jpeg\" \/>\n<meta name=\"twitter:card\" content=\"summary_large_image\" \/>\n<meta name=\"twitter:label1\" content=\"Dur\u00e9e de lecture estim\u00e9e\" \/>\n\t<meta name=\"twitter:data1\" content=\"2 minutes\" \/>\n<script type=\"application\/ld+json\" class=\"yoast-schema-graph\">{\"@context\":\"https:\/\/schema.org\",\"@graph\":[{\"@type\":\"WebPage\",\"@id\":\"https:\/\/www.graciededieuavocats.com\/?page_id=318\",\"url\":\"https:\/\/www.graciededieuavocats.com\/?page_id=318\",\"name\":\"DROIT DE LA COPROPRIETE ET COPROPRIETE EN DIFFICULTE - Arcavocats Cabinet Graci\u00e9-Dedieu\",\"isPartOf\":{\"@id\":\"https:\/\/www.graciededieuavocats.com\/#website\"},\"primaryImageOfPage\":{\"@id\":\"https:\/\/www.graciededieuavocats.com\/?page_id=318#primaryimage\"},\"image\":{\"@id\":\"https:\/\/www.graciededieuavocats.com\/?page_id=318#primaryimage\"},\"thumbnailUrl\":\"https:\/\/www.graciededieuavocats.com\/wp-content\/uploads\/2021\/01\/street-3416167_1280-1024x679.jpg\",\"datePublished\":\"2021-01-12T15:11:02+00:00\",\"dateModified\":\"2025-07-27T17:12:11+00:00\",\"breadcrumb\":{\"@id\":\"https:\/\/www.graciededieuavocats.com\/?page_id=318#breadcrumb\"},\"inLanguage\":\"fr-FR\",\"potentialAction\":[{\"@type\":\"ReadAction\",\"target\":[\"https:\/\/www.graciededieuavocats.com\/?page_id=318\"]}]},{\"@type\":\"ImageObject\",\"inLanguage\":\"fr-FR\",\"@id\":\"https:\/\/www.graciededieuavocats.com\/?page_id=318#primaryimage\",\"url\":\"https:\/\/www.graciededieuavocats.com\/wp-content\/uploads\/2021\/01\/street-3416167_1280.jpg\",\"contentUrl\":\"https:\/\/www.graciededieuavocats.com\/wp-content\/uploads\/2021\/01\/street-3416167_1280.jpg\",\"width\":1280,\"height\":849},{\"@type\":\"BreadcrumbList\",\"@id\":\"https:\/\/www.graciededieuavocats.com\/?page_id=318#breadcrumb\",\"itemListElement\":[{\"@type\":\"ListItem\",\"position\":1,\"name\":\"Accueil\",\"item\":\"https:\/\/www.graciededieuavocats.com\/\"},{\"@type\":\"ListItem\",\"position\":2,\"name\":\"DROIT DE LA COPROPRIETE ET COPROPRIETE EN DIFFICULTE\"}]},{\"@type\":\"WebSite\",\"@id\":\"https:\/\/www.graciededieuavocats.com\/#website\",\"url\":\"https:\/\/www.graciededieuavocats.com\/\",\"name\":\"Arcavocats Cabinet Graci\u00e9-Dedieu\",\"description\":\"Avocate \u00e0 la cour\",\"potentialAction\":[{\"@type\":\"SearchAction\",\"target\":{\"@type\":\"EntryPoint\",\"urlTemplate\":\"https:\/\/www.graciededieuavocats.com\/?s={search_term_string}\"},\"query-input\":{\"@type\":\"PropertyValueSpecification\",\"valueRequired\":true,\"valueName\":\"search_term_string\"}}],\"inLanguage\":\"fr-FR\"}]}<\/script>\n<!-- \/ Yoast SEO plugin. -->","yoast_head_json":{"title":"DROIT DE LA COPROPRIETE ET COPROPRIETE EN DIFFICULTE - Arcavocats Cabinet Graci\u00e9-Dedieu","robots":{"index":"index","follow":"follow","max-snippet":"max-snippet:-1","max-image-preview":"max-image-preview:large","max-video-preview":"max-video-preview:-1"},"canonical":"https:\/\/www.graciededieuavocats.com\/?page_id=318","og_locale":"fr_FR","og_type":"article","og_title":"DROIT DE LA COPROPRIETE ET COPROPRIETE EN DIFFICULTE - Arcavocats Cabinet Graci\u00e9-Dedieu","og_description":"Droit de la copropri\u00e9t\u00e9 &amp; copropri\u00e9t\u00e9s en difficult\u00e9 : conseil, strat\u00e9gie et contentieux Le cabinet intervient \u00e0 vos c\u00f4t\u00e9s pour assurer la gestion juridique optimale des copropri\u00e9t\u00e9s, tant en phase pr\u00e9contentieuse que devant les juridictions civiles.Notre expertise s\u2019adresse aux syndicats des copropri\u00e9taires, syndics b\u00e9n\u00e9voles, administrateurs judiciaires, ainsi qu\u2019aux copropri\u00e9taires, confront\u00e9s aux nombreuses probl\u00e9matiques juridiques li\u00e9es&hellip; Lire la suite","og_url":"https:\/\/www.graciededieuavocats.com\/?page_id=318","og_site_name":"Arcavocats Cabinet Graci\u00e9-Dedieu","article_modified_time":"2025-07-27T17:12:11+00:00","og_image":[{"width":1280,"height":849,"url":"https:\/\/www.graciededieuavocats.com\/wp-content\/uploads\/2021\/01\/street-3416167_1280.jpg","type":"image\/jpeg"}],"twitter_card":"summary_large_image","twitter_misc":{"Dur\u00e9e de lecture estim\u00e9e":"2 minutes"},"schema":{"@context":"https:\/\/schema.org","@graph":[{"@type":"WebPage","@id":"https:\/\/www.graciededieuavocats.com\/?page_id=318","url":"https:\/\/www.graciededieuavocats.com\/?page_id=318","name":"DROIT DE LA COPROPRIETE ET COPROPRIETE EN DIFFICULTE - Arcavocats Cabinet Graci\u00e9-Dedieu","isPartOf":{"@id":"https:\/\/www.graciededieuavocats.com\/#website"},"primaryImageOfPage":{"@id":"https:\/\/www.graciededieuavocats.com\/?page_id=318#primaryimage"},"image":{"@id":"https:\/\/www.graciededieuavocats.com\/?page_id=318#primaryimage"},"thumbnailUrl":"https:\/\/www.graciededieuavocats.com\/wp-content\/uploads\/2021\/01\/street-3416167_1280-1024x679.jpg","datePublished":"2021-01-12T15:11:02+00:00","dateModified":"2025-07-27T17:12:11+00:00","breadcrumb":{"@id":"https:\/\/www.graciededieuavocats.com\/?page_id=318#breadcrumb"},"inLanguage":"fr-FR","potentialAction":[{"@type":"ReadAction","target":["https:\/\/www.graciededieuavocats.com\/?page_id=318"]}]},{"@type":"ImageObject","inLanguage":"fr-FR","@id":"https:\/\/www.graciededieuavocats.com\/?page_id=318#primaryimage","url":"https:\/\/www.graciededieuavocats.com\/wp-content\/uploads\/2021\/01\/street-3416167_1280.jpg","contentUrl":"https:\/\/www.graciededieuavocats.com\/wp-content\/uploads\/2021\/01\/street-3416167_1280.jpg","width":1280,"height":849},{"@type":"BreadcrumbList","@id":"https:\/\/www.graciededieuavocats.com\/?page_id=318#breadcrumb","itemListElement":[{"@type":"ListItem","position":1,"name":"Accueil","item":"https:\/\/www.graciededieuavocats.com\/"},{"@type":"ListItem","position":2,"name":"DROIT DE LA COPROPRIETE ET COPROPRIETE EN DIFFICULTE"}]},{"@type":"WebSite","@id":"https:\/\/www.graciededieuavocats.com\/#website","url":"https:\/\/www.graciededieuavocats.com\/","name":"Arcavocats Cabinet Graci\u00e9-Dedieu","description":"Avocate \u00e0 la cour","potentialAction":[{"@type":"SearchAction","target":{"@type":"EntryPoint","urlTemplate":"https:\/\/www.graciededieuavocats.com\/?s={search_term_string}"},"query-input":{"@type":"PropertyValueSpecification","valueRequired":true,"valueName":"search_term_string"}}],"inLanguage":"fr-FR"}]}},"_links":{"self":[{"href":"https:\/\/www.graciededieuavocats.com\/index.php?rest_route=\/wp\/v2\/pages\/318","targetHints":{"allow":["GET"]}}],"collection":[{"href":"https:\/\/www.graciededieuavocats.com\/index.php?rest_route=\/wp\/v2\/pages"}],"about":[{"href":"https:\/\/www.graciededieuavocats.com\/index.php?rest_route=\/wp\/v2\/types\/page"}],"author":[{"embeddable":true,"href":"https:\/\/www.graciededieuavocats.com\/index.php?rest_route=\/wp\/v2\/users\/1"}],"replies":[{"embeddable":true,"href":"https:\/\/www.graciededieuavocats.com\/index.php?rest_route=%2Fwp%2Fv2%2Fcomments&post=318"}],"version-history":[{"count":0,"href":"https:\/\/www.graciededieuavocats.com\/index.php?rest_route=\/wp\/v2\/pages\/318\/revisions"}],"wp:attachment":[{"href":"https:\/\/www.graciededieuavocats.com\/index.php?rest_route=%2Fwp%2Fv2%2Fmedia&parent=318"}],"curies":[{"name":"wp","href":"https:\/\/api.w.org\/{rel}","templated":true}]}}