{"id":316,"date":"2021-01-12T16:00:10","date_gmt":"2021-01-12T15:00:10","guid":{"rendered":"https:\/\/www.graciededieuavocats.com\/?page_id=316"},"modified":"2025-07-27T18:59:29","modified_gmt":"2025-07-27T16:59:29","slug":"316-2","status":"publish","type":"page","link":"https:\/\/www.graciededieuavocats.com\/?page_id=316","title":{"rendered":"BAUX COMMERCIAUX"},"content":{"rendered":"\n<h2 class=\"wp-block-heading has-large-font-size\">Expertise en baux commerciaux : conseil, audit et Contentieux<\/h2>\n\n\n\n<p>Le cabinet vous conseille et vous accompagne en mettant \u00e0 votre service une expertise reconnue en mati\u00e8re de baux commerciaux, tant en conseil qu\u2019en contentieux. Nous intervenons \u00e0 chaque \u00e9tape de la vie du bail, depuis sa r\u00e9daction jusqu\u2019\u00e0 la gestion des litiges, en passant par les phases de ren\u00e9gociation ou de r\u00e9siliation.<\/p>\n\n\n\n<div style=\"height:20px\" aria-hidden=\"true\" class=\"wp-block-spacer\"><\/div>\n\n\n\n<div class=\"wp-block-media-text alignwide is-stacked-on-mobile\" style=\"grid-template-columns:39% auto\"><figure class=\"wp-block-media-text__media\"><img loading=\"lazy\" decoding=\"async\" width=\"1024\" height=\"682\" src=\"https:\/\/www.graciededieuavocats.com\/wp-content\/uploads\/2021\/01\/france-2338334_1280-1024x682.jpg\" alt=\"\" class=\"wp-image-310 size-full\" srcset=\"https:\/\/www.graciededieuavocats.com\/wp-content\/uploads\/2021\/01\/france-2338334_1280-1024x682.jpg 1024w, https:\/\/www.graciededieuavocats.com\/wp-content\/uploads\/2021\/01\/france-2338334_1280-300x200.jpg 300w, https:\/\/www.graciededieuavocats.com\/wp-content\/uploads\/2021\/01\/france-2338334_1280-768x512.jpg 768w, https:\/\/www.graciededieuavocats.com\/wp-content\/uploads\/2021\/01\/france-2338334_1280.jpg 1280w\" sizes=\"auto, (max-width: 1024px) 100vw, 1024px\" \/><\/figure><div class=\"wp-block-media-text__content\">\n<p>Nos domaines d&rsquo;intervention comprennent notamment\u00a0:<\/p>\n\n\n\n<ul class=\"wp-block-list\">\n<li>L\u2019\u00e9laboration, la r\u00e9daction et la n\u00e9gociation de baux commerciaux, de baux assortis de conditions suspensives ou de baux en l\u2019\u00e9tat futur d\u2019ach\u00e8vement (BEFA);<\/li>\n\n\n\n<li>L\u2019audit de baux commerciaux dans le cadre de rachats de soci\u00e9t\u00e9s, fusions\/acquisitions, achats de fonds de commerce ou de droits au bail, ou encore dans le cadre du suivi juridique de soci\u00e9t\u00e9s ;<\/li>\n\n\n\n<li>Le conseil et l\u2019assistance tout au long de la vie du bail : r\u00e9daction du bail initial, avenants, actes de renouvellement, cong\u00e9s avec ou sans offre de renouvellement, r\u00e9siliations amiables ou judiciaires, d\u00e9sp\u00e9cialisations ;<\/li>\n\n\n\n<li>La gestion des contentieux devant le Tribunal judiciaire, avec ou sans expertise judiciaire (ex. : indemnit\u00e9 d\u2019\u00e9viction), ainsi que les proc\u00e9dures sur m\u00e9moires devant le juge des loyers commerciaux (ex. : fixation ou r\u00e9vision du loyer).<\/li>\n<\/ul>\n<\/div><\/div>\n\n\n\n<div style=\"height:20px\" aria-hidden=\"true\" class=\"wp-block-spacer\"><\/div>\n\n\n\n<hr class=\"wp-block-separator has-css-opacity is-style-wide\"\/>\n\n\n\n<div style=\"height:20px\" aria-hidden=\"true\" class=\"wp-block-spacer\"><\/div>\n\n\n\n<p><\/p>\n","protected":false},"excerpt":{"rendered":"<p>Expertise en baux commerciaux : conseil, audit et Contentieux Le cabinet vous conseille et vous accompagne en mettant \u00e0 votre service une expertise reconnue en mati\u00e8re de baux commerciaux, tant en conseil qu\u2019en contentieux. Nous intervenons \u00e0 chaque \u00e9tape de la vie du bail, depuis sa r\u00e9daction jusqu\u2019\u00e0 la gestion des litiges, en passant par&hellip; <br \/> <a class=\"read-more\" href=\"https:\/\/www.graciededieuavocats.com\/?page_id=316\">Lire la suite<\/a><\/p>\n","protected":false},"author":1,"featured_media":0,"parent":0,"menu_order":0,"comment_status":"closed","ping_status":"closed","template":"","meta":{"footnotes":""},"class_list":["post-316","page","type-page","status-publish","hentry"],"yoast_head":"<!-- This site is optimized with the Yoast SEO plugin v25.5 - https:\/\/yoast.com\/wordpress\/plugins\/seo\/ -->\n<title>BAUX COMMERCIAUX - Arcavocats Cabinet Graci\u00e9-Dedieu<\/title>\n<meta name=\"robots\" content=\"index, follow, max-snippet:-1, max-image-preview:large, max-video-preview:-1\" \/>\n<link rel=\"canonical\" href=\"https:\/\/www.graciededieuavocats.com\/?page_id=316\" \/>\n<meta property=\"og:locale\" content=\"fr_FR\" \/>\n<meta property=\"og:type\" content=\"article\" \/>\n<meta property=\"og:title\" content=\"BAUX COMMERCIAUX - Arcavocats Cabinet Graci\u00e9-Dedieu\" \/>\n<meta property=\"og:description\" content=\"Expertise en baux commerciaux : conseil, audit et Contentieux Le cabinet vous conseille et vous accompagne en mettant \u00e0 votre service une expertise reconnue en mati\u00e8re de baux commerciaux, tant en conseil qu\u2019en contentieux. Nous intervenons \u00e0 chaque \u00e9tape de la vie du bail, depuis sa r\u00e9daction jusqu\u2019\u00e0 la gestion des litiges, en passant par&hellip; Lire la suite\" \/>\n<meta property=\"og:url\" content=\"https:\/\/www.graciededieuavocats.com\/?page_id=316\" \/>\n<meta property=\"og:site_name\" content=\"Arcavocats Cabinet Graci\u00e9-Dedieu\" \/>\n<meta property=\"article:modified_time\" content=\"2025-07-27T16:59:29+00:00\" \/>\n<meta property=\"og:image\" content=\"https:\/\/www.graciededieuavocats.com\/wp-content\/uploads\/2021\/01\/france-2338334_1280.jpg\" \/>\n\t<meta property=\"og:image:width\" content=\"1280\" \/>\n\t<meta property=\"og:image:height\" content=\"853\" \/>\n\t<meta property=\"og:image:type\" content=\"image\/jpeg\" \/>\n<meta name=\"twitter:card\" content=\"summary_large_image\" \/>\n<meta name=\"twitter:label1\" content=\"Dur\u00e9e de lecture estim\u00e9e\" \/>\n\t<meta name=\"twitter:data1\" content=\"2 minutes\" \/>\n<script type=\"application\/ld+json\" class=\"yoast-schema-graph\">{\"@context\":\"https:\/\/schema.org\",\"@graph\":[{\"@type\":\"WebPage\",\"@id\":\"https:\/\/www.graciededieuavocats.com\/?page_id=316\",\"url\":\"https:\/\/www.graciededieuavocats.com\/?page_id=316\",\"name\":\"BAUX COMMERCIAUX - Arcavocats Cabinet Graci\u00e9-Dedieu\",\"isPartOf\":{\"@id\":\"https:\/\/www.graciededieuavocats.com\/#website\"},\"primaryImageOfPage\":{\"@id\":\"https:\/\/www.graciededieuavocats.com\/?page_id=316#primaryimage\"},\"image\":{\"@id\":\"https:\/\/www.graciededieuavocats.com\/?page_id=316#primaryimage\"},\"thumbnailUrl\":\"https:\/\/www.graciededieuavocats.com\/wp-content\/uploads\/2021\/01\/france-2338334_1280-1024x682.jpg\",\"datePublished\":\"2021-01-12T15:00:10+00:00\",\"dateModified\":\"2025-07-27T16:59:29+00:00\",\"breadcrumb\":{\"@id\":\"https:\/\/www.graciededieuavocats.com\/?page_id=316#breadcrumb\"},\"inLanguage\":\"fr-FR\",\"potentialAction\":[{\"@type\":\"ReadAction\",\"target\":[\"https:\/\/www.graciededieuavocats.com\/?page_id=316\"]}]},{\"@type\":\"ImageObject\",\"inLanguage\":\"fr-FR\",\"@id\":\"https:\/\/www.graciededieuavocats.com\/?page_id=316#primaryimage\",\"url\":\"https:\/\/www.graciededieuavocats.com\/wp-content\/uploads\/2021\/01\/france-2338334_1280.jpg\",\"contentUrl\":\"https:\/\/www.graciededieuavocats.com\/wp-content\/uploads\/2021\/01\/france-2338334_1280.jpg\",\"width\":1280,\"height\":853},{\"@type\":\"BreadcrumbList\",\"@id\":\"https:\/\/www.graciededieuavocats.com\/?page_id=316#breadcrumb\",\"itemListElement\":[{\"@type\":\"ListItem\",\"position\":1,\"name\":\"Accueil\",\"item\":\"https:\/\/www.graciededieuavocats.com\/\"},{\"@type\":\"ListItem\",\"position\":2,\"name\":\"BAUX COMMERCIAUX\"}]},{\"@type\":\"WebSite\",\"@id\":\"https:\/\/www.graciededieuavocats.com\/#website\",\"url\":\"https:\/\/www.graciededieuavocats.com\/\",\"name\":\"Arcavocats Cabinet Graci\u00e9-Dedieu\",\"description\":\"Avocate \u00e0 la cour\",\"potentialAction\":[{\"@type\":\"SearchAction\",\"target\":{\"@type\":\"EntryPoint\",\"urlTemplate\":\"https:\/\/www.graciededieuavocats.com\/?s={search_term_string}\"},\"query-input\":{\"@type\":\"PropertyValueSpecification\",\"valueRequired\":true,\"valueName\":\"search_term_string\"}}],\"inLanguage\":\"fr-FR\"}]}<\/script>\n<!-- \/ Yoast SEO plugin. -->","yoast_head_json":{"title":"BAUX COMMERCIAUX - Arcavocats Cabinet Graci\u00e9-Dedieu","robots":{"index":"index","follow":"follow","max-snippet":"max-snippet:-1","max-image-preview":"max-image-preview:large","max-video-preview":"max-video-preview:-1"},"canonical":"https:\/\/www.graciededieuavocats.com\/?page_id=316","og_locale":"fr_FR","og_type":"article","og_title":"BAUX COMMERCIAUX - Arcavocats Cabinet Graci\u00e9-Dedieu","og_description":"Expertise en baux commerciaux : conseil, audit et Contentieux Le cabinet vous conseille et vous accompagne en mettant \u00e0 votre service une expertise reconnue en mati\u00e8re de baux commerciaux, tant en conseil qu\u2019en contentieux. Nous intervenons \u00e0 chaque \u00e9tape de la vie du bail, depuis sa r\u00e9daction jusqu\u2019\u00e0 la gestion des litiges, en passant par&hellip; Lire la suite","og_url":"https:\/\/www.graciededieuavocats.com\/?page_id=316","og_site_name":"Arcavocats Cabinet Graci\u00e9-Dedieu","article_modified_time":"2025-07-27T16:59:29+00:00","og_image":[{"width":1280,"height":853,"url":"https:\/\/www.graciededieuavocats.com\/wp-content\/uploads\/2021\/01\/france-2338334_1280.jpg","type":"image\/jpeg"}],"twitter_card":"summary_large_image","twitter_misc":{"Dur\u00e9e de lecture estim\u00e9e":"2 minutes"},"schema":{"@context":"https:\/\/schema.org","@graph":[{"@type":"WebPage","@id":"https:\/\/www.graciededieuavocats.com\/?page_id=316","url":"https:\/\/www.graciededieuavocats.com\/?page_id=316","name":"BAUX COMMERCIAUX - Arcavocats Cabinet Graci\u00e9-Dedieu","isPartOf":{"@id":"https:\/\/www.graciededieuavocats.com\/#website"},"primaryImageOfPage":{"@id":"https:\/\/www.graciededieuavocats.com\/?page_id=316#primaryimage"},"image":{"@id":"https:\/\/www.graciededieuavocats.com\/?page_id=316#primaryimage"},"thumbnailUrl":"https:\/\/www.graciededieuavocats.com\/wp-content\/uploads\/2021\/01\/france-2338334_1280-1024x682.jpg","datePublished":"2021-01-12T15:00:10+00:00","dateModified":"2025-07-27T16:59:29+00:00","breadcrumb":{"@id":"https:\/\/www.graciededieuavocats.com\/?page_id=316#breadcrumb"},"inLanguage":"fr-FR","potentialAction":[{"@type":"ReadAction","target":["https:\/\/www.graciededieuavocats.com\/?page_id=316"]}]},{"@type":"ImageObject","inLanguage":"fr-FR","@id":"https:\/\/www.graciededieuavocats.com\/?page_id=316#primaryimage","url":"https:\/\/www.graciededieuavocats.com\/wp-content\/uploads\/2021\/01\/france-2338334_1280.jpg","contentUrl":"https:\/\/www.graciededieuavocats.com\/wp-content\/uploads\/2021\/01\/france-2338334_1280.jpg","width":1280,"height":853},{"@type":"BreadcrumbList","@id":"https:\/\/www.graciededieuavocats.com\/?page_id=316#breadcrumb","itemListElement":[{"@type":"ListItem","position":1,"name":"Accueil","item":"https:\/\/www.graciededieuavocats.com\/"},{"@type":"ListItem","position":2,"name":"BAUX COMMERCIAUX"}]},{"@type":"WebSite","@id":"https:\/\/www.graciededieuavocats.com\/#website","url":"https:\/\/www.graciededieuavocats.com\/","name":"Arcavocats Cabinet Graci\u00e9-Dedieu","description":"Avocate \u00e0 la cour","potentialAction":[{"@type":"SearchAction","target":{"@type":"EntryPoint","urlTemplate":"https:\/\/www.graciededieuavocats.com\/?s={search_term_string}"},"query-input":{"@type":"PropertyValueSpecification","valueRequired":true,"valueName":"search_term_string"}}],"inLanguage":"fr-FR"}]}},"_links":{"self":[{"href":"https:\/\/www.graciededieuavocats.com\/index.php?rest_route=\/wp\/v2\/pages\/316","targetHints":{"allow":["GET"]}}],"collection":[{"href":"https:\/\/www.graciededieuavocats.com\/index.php?rest_route=\/wp\/v2\/pages"}],"about":[{"href":"https:\/\/www.graciededieuavocats.com\/index.php?rest_route=\/wp\/v2\/types\/page"}],"author":[{"embeddable":true,"href":"https:\/\/www.graciededieuavocats.com\/index.php?rest_route=\/wp\/v2\/users\/1"}],"replies":[{"embeddable":true,"href":"https:\/\/www.graciededieuavocats.com\/index.php?rest_route=%2Fwp%2Fv2%2Fcomments&post=316"}],"version-history":[{"count":0,"href":"https:\/\/www.graciededieuavocats.com\/index.php?rest_route=\/wp\/v2\/pages\/316\/revisions"}],"wp:attachment":[{"href":"https:\/\/www.graciededieuavocats.com\/index.php?rest_route=%2Fwp%2Fv2%2Fmedia&parent=316"}],"curies":[{"name":"wp","href":"https:\/\/api.w.org\/{rel}","templated":true}]}}