{"id":19,"date":"2020-10-23T16:16:12","date_gmt":"2020-10-23T14:16:12","guid":{"rendered":"http:\/\/www.graciededieuavocats.com\/?page_id=19"},"modified":"2026-01-06T15:20:32","modified_gmt":"2026-01-06T14:20:32","slug":"le-cabinet","status":"publish","type":"page","link":"https:\/\/www.graciededieuavocats.com\/?page_id=19","title":{"rendered":"Le Cabinet"},"content":{"rendered":"\n<h2 class=\"wp-block-heading has-large-font-size\">LE CABINET<\/h2>\n\n\n\n<div style=\"height:20px\" aria-hidden=\"true\" class=\"wp-block-spacer\"><\/div>\n\n\n\n<h4 class=\"wp-block-heading\">Ma\u00eetre Florence Graci\u00e9-Dedieu \u2013 Avocate \u00e0 la Cour<\/h4>\n\n\n\n<p>Avocate \u00e0 la Cour depuis 1996, titulaire d\u2019un DESS de droit fiscal, d\u2019un Dipl\u00f4me Universitaire en droit des baux commerciaux et d\u2019un Dipl\u00f4me Universitaire en droit de la copropri\u00e9t\u00e9, Ma\u00eetre Florence Graci\u00e9-Dedieu dispose d\u2019une expertise reconnue en baux commerciaux, droit des contrats, droit commercial, droit des soci\u00e9t\u00e9s, droit du tourisme et droit de la copropri\u00e9t\u00e9, notamment en mati\u00e8re de copropri\u00e9t\u00e9s en difficult\u00e9.<br><br>Le cabinet privil\u00e9gie une approche rigoureuse et personnalis\u00e9e, orient\u00e9e vers la s\u00e9curisation juridique et la d\u00e9fense efficace des int\u00e9r\u00eats de ses clients.<\/p>\n\n\n\n<h4 class=\"wp-block-heading\">Domaines de comp\u00e9tence du cabinet<\/h4>\n\n\n\n<ul class=\"wp-block-list\">\n<li><strong>DROIT DES CONTRATS<\/strong><br>Le cabinet intervient en audit contractuel, r\u00e9daction et s\u00e9curisation de contrats, assistance lors des n\u00e9gociations et gestion des litiges contractuels, tant en phase amiable que contentieuse.<br><br><\/li>\n\n\n\n<li><strong>BAUX COMMERCIAUX<\/strong><br>Ma\u00eetre Florence Graci\u00e9-Dedieu assiste bailleurs et preneurs en mati\u00e8re de baux commerciaux :<br>\u2022 r\u00e9daction et renouvellement des baux,<br>\u2022 fixation et r\u00e9vision du loyer,<br>\u2022 audit des engagements locatifs,<br>\u2022 contentieux li\u00e9s \u00e0 l\u2019ex\u00e9cution, \u00e0 la r\u00e9siliation ou \u00e0 l\u2019indemnit\u00e9 d\u2019\u00e9viction.<br><br><\/li>\n\n\n\n<li><strong>DROIT COMMERCIAL ET PROCEDURES COLLECTIVES<\/strong><br>Le cabinet accompagne ses clients en droit commercial et droit de la distribution :<br>\u2022 R\u00e9daction de contrats commerciaux, conditions g\u00e9n\u00e9rales de vente, actions en concurrence d\u00e9loyale, contrefa\u00e7on, contentieux de la franchise et op\u00e9rations portant sur les fonds de commerce.<br>\u2022 Le cabinet accompagne \u00e9galement ses clients en proc\u00e9dures collectives et droit des entreprises en difficult\u00e9 (sauvegarde, redressement et liquidation judiciaires), tant dans la pr\u00e9vention des difficult\u00e9s que dans le cadre des proc\u00e9dures ouvertes, avec une attention particuli\u00e8re port\u00e9e aux enjeux \u00e9conomiques, patrimoniaux et de responsabilit\u00e9 des dirigeants.<br><br><\/li>\n\n\n\n<li><strong>DROIT DES SOCIETES<\/strong><br>Assistance juridique des soci\u00e9t\u00e9s \u00e0 tous les stades de leur d\u00e9veloppement :<br>Constitution de soci\u00e9t\u00e9, suivi juridique, op\u00e9rations sur capital, restructurations, transformations, pactes d\u2019associ\u00e9s et contentieux entre associ\u00e9s.<br><br><\/li>\n\n\n\n<li><strong>DROIT DU TOURISME<\/strong><br>Le cabinet intervient en droit du tourisme aupr\u00e8s des agences de voyages et tour-op\u00e9rateurs : \u00e9laboration des conditions g\u00e9n\u00e9rales et particuli\u00e8res, conseil r\u00e9glementaire et gestion des contentieux sp\u00e9cifiques au secteur.<br><br><\/li>\n\n\n\n<li><strong>DROIT DE LA COPROPRIETE ET COPROPRIETE EN DIFFICULTE<\/strong><br>Ma\u00eetre Florence Graci\u00e9-Dedieu accompagne :<br>\u2022 syndicats de copropri\u00e9taires,<br>\u2022 copropri\u00e9taires,<br>\u2022 administrateurs provisoires ou mandataire ad hoc, dans la gestion juridique des immeubles, les copropri\u00e9t\u00e9s en difficult\u00e9, les contentieux li\u00e9s au r\u00e8glement de copropri\u00e9t\u00e9, aux charges, aux travaux, aux scissions et aux situations de crise.<br><br>Un accompagnement juridique rigoureux et personnalis\u00e9<br><br>Le cabinet privil\u00e9gie une relation directe avec ses clients, fond\u00e9e sur la transparence, la s\u00e9curit\u00e9 juridique et la recherche de solutions efficaces, qu\u2019elles soient amiables ou judiciaires.<\/li>\n<\/ul>\n\n\n\n<p><\/p>\n","protected":false},"excerpt":{"rendered":"<p>LE CABINET Ma\u00eetre Florence Graci\u00e9-Dedieu \u2013 Avocate \u00e0 la Cour Avocate \u00e0 la Cour depuis 1996, titulaire d\u2019un DESS de droit fiscal, d\u2019un Dipl\u00f4me Universitaire en droit des baux commerciaux et d\u2019un Dipl\u00f4me Universitaire en droit de la copropri\u00e9t\u00e9, Ma\u00eetre Florence Graci\u00e9-Dedieu dispose d\u2019une expertise reconnue en baux commerciaux, droit des contrats, droit commercial, droit&hellip; <br \/> <a class=\"read-more\" href=\"https:\/\/www.graciededieuavocats.com\/?page_id=19\">Lire la suite<\/a><\/p>\n","protected":false},"author":1,"featured_media":0,"parent":0,"menu_order":0,"comment_status":"closed","ping_status":"closed","template":"","meta":{"footnotes":""},"class_list":["post-19","page","type-page","status-publish","hentry"],"yoast_head":"<!-- This site is optimized with the Yoast SEO plugin v25.5 - https:\/\/yoast.com\/wordpress\/plugins\/seo\/ -->\n<title>Le Cabinet - Arcavocats Cabinet Graci\u00e9-Dedieu<\/title>\n<meta name=\"robots\" content=\"index, follow, max-snippet:-1, max-image-preview:large, max-video-preview:-1\" \/>\n<link rel=\"canonical\" href=\"https:\/\/www.graciededieuavocats.com\/?page_id=19\" \/>\n<meta property=\"og:locale\" content=\"fr_FR\" \/>\n<meta property=\"og:type\" content=\"article\" \/>\n<meta property=\"og:title\" content=\"Le Cabinet - Arcavocats Cabinet Graci\u00e9-Dedieu\" \/>\n<meta property=\"og:description\" content=\"LE CABINET Ma\u00eetre Florence Graci\u00e9-Dedieu \u2013 Avocate \u00e0 la Cour Avocate \u00e0 la Cour depuis 1996, titulaire d\u2019un DESS de droit fiscal, d\u2019un Dipl\u00f4me Universitaire en droit des baux commerciaux et d\u2019un Dipl\u00f4me Universitaire en droit de la copropri\u00e9t\u00e9, Ma\u00eetre Florence Graci\u00e9-Dedieu dispose d\u2019une expertise reconnue en baux commerciaux, droit des contrats, droit commercial, droit&hellip; Lire la suite\" \/>\n<meta property=\"og:url\" content=\"https:\/\/www.graciededieuavocats.com\/?page_id=19\" \/>\n<meta property=\"og:site_name\" content=\"Arcavocats Cabinet Graci\u00e9-Dedieu\" \/>\n<meta property=\"article:modified_time\" content=\"2026-01-06T14:20:32+00:00\" \/>\n<meta name=\"twitter:card\" content=\"summary_large_image\" \/>\n<meta name=\"twitter:label1\" content=\"Dur\u00e9e de lecture estim\u00e9e\" \/>\n\t<meta name=\"twitter:data1\" content=\"3 minutes\" \/>\n<script type=\"application\/ld+json\" class=\"yoast-schema-graph\">{\"@context\":\"https:\/\/schema.org\",\"@graph\":[{\"@type\":\"WebPage\",\"@id\":\"https:\/\/www.graciededieuavocats.com\/?page_id=19\",\"url\":\"https:\/\/www.graciededieuavocats.com\/?page_id=19\",\"name\":\"Le Cabinet - Arcavocats Cabinet Graci\u00e9-Dedieu\",\"isPartOf\":{\"@id\":\"https:\/\/www.graciededieuavocats.com\/#website\"},\"datePublished\":\"2020-10-23T14:16:12+00:00\",\"dateModified\":\"2026-01-06T14:20:32+00:00\",\"breadcrumb\":{\"@id\":\"https:\/\/www.graciededieuavocats.com\/?page_id=19#breadcrumb\"},\"inLanguage\":\"fr-FR\",\"potentialAction\":[{\"@type\":\"ReadAction\",\"target\":[\"https:\/\/www.graciededieuavocats.com\/?page_id=19\"]}]},{\"@type\":\"BreadcrumbList\",\"@id\":\"https:\/\/www.graciededieuavocats.com\/?page_id=19#breadcrumb\",\"itemListElement\":[{\"@type\":\"ListItem\",\"position\":1,\"name\":\"Accueil\",\"item\":\"https:\/\/www.graciededieuavocats.com\/\"},{\"@type\":\"ListItem\",\"position\":2,\"name\":\"Le Cabinet\"}]},{\"@type\":\"WebSite\",\"@id\":\"https:\/\/www.graciededieuavocats.com\/#website\",\"url\":\"https:\/\/www.graciededieuavocats.com\/\",\"name\":\"Arcavocats Cabinet Graci\u00e9-Dedieu\",\"description\":\"Avocate \u00e0 la cour\",\"potentialAction\":[{\"@type\":\"SearchAction\",\"target\":{\"@type\":\"EntryPoint\",\"urlTemplate\":\"https:\/\/www.graciededieuavocats.com\/?s={search_term_string}\"},\"query-input\":{\"@type\":\"PropertyValueSpecification\",\"valueRequired\":true,\"valueName\":\"search_term_string\"}}],\"inLanguage\":\"fr-FR\"}]}<\/script>\n<!-- \/ Yoast SEO plugin. -->","yoast_head_json":{"title":"Le Cabinet - Arcavocats Cabinet Graci\u00e9-Dedieu","robots":{"index":"index","follow":"follow","max-snippet":"max-snippet:-1","max-image-preview":"max-image-preview:large","max-video-preview":"max-video-preview:-1"},"canonical":"https:\/\/www.graciededieuavocats.com\/?page_id=19","og_locale":"fr_FR","og_type":"article","og_title":"Le Cabinet - Arcavocats Cabinet Graci\u00e9-Dedieu","og_description":"LE CABINET Ma\u00eetre Florence Graci\u00e9-Dedieu \u2013 Avocate \u00e0 la Cour Avocate \u00e0 la Cour depuis 1996, titulaire d\u2019un DESS de droit fiscal, d\u2019un Dipl\u00f4me Universitaire en droit des baux commerciaux et d\u2019un Dipl\u00f4me Universitaire en droit de la copropri\u00e9t\u00e9, Ma\u00eetre Florence Graci\u00e9-Dedieu dispose d\u2019une expertise reconnue en baux commerciaux, droit des contrats, droit commercial, droit&hellip; Lire la suite","og_url":"https:\/\/www.graciededieuavocats.com\/?page_id=19","og_site_name":"Arcavocats Cabinet Graci\u00e9-Dedieu","article_modified_time":"2026-01-06T14:20:32+00:00","twitter_card":"summary_large_image","twitter_misc":{"Dur\u00e9e de lecture estim\u00e9e":"3 minutes"},"schema":{"@context":"https:\/\/schema.org","@graph":[{"@type":"WebPage","@id":"https:\/\/www.graciededieuavocats.com\/?page_id=19","url":"https:\/\/www.graciededieuavocats.com\/?page_id=19","name":"Le Cabinet - Arcavocats Cabinet Graci\u00e9-Dedieu","isPartOf":{"@id":"https:\/\/www.graciededieuavocats.com\/#website"},"datePublished":"2020-10-23T14:16:12+00:00","dateModified":"2026-01-06T14:20:32+00:00","breadcrumb":{"@id":"https:\/\/www.graciededieuavocats.com\/?page_id=19#breadcrumb"},"inLanguage":"fr-FR","potentialAction":[{"@type":"ReadAction","target":["https:\/\/www.graciededieuavocats.com\/?page_id=19"]}]},{"@type":"BreadcrumbList","@id":"https:\/\/www.graciededieuavocats.com\/?page_id=19#breadcrumb","itemListElement":[{"@type":"ListItem","position":1,"name":"Accueil","item":"https:\/\/www.graciededieuavocats.com\/"},{"@type":"ListItem","position":2,"name":"Le Cabinet"}]},{"@type":"WebSite","@id":"https:\/\/www.graciededieuavocats.com\/#website","url":"https:\/\/www.graciededieuavocats.com\/","name":"Arcavocats Cabinet Graci\u00e9-Dedieu","description":"Avocate \u00e0 la cour","potentialAction":[{"@type":"SearchAction","target":{"@type":"EntryPoint","urlTemplate":"https:\/\/www.graciededieuavocats.com\/?s={search_term_string}"},"query-input":{"@type":"PropertyValueSpecification","valueRequired":true,"valueName":"search_term_string"}}],"inLanguage":"fr-FR"}]}},"_links":{"self":[{"href":"https:\/\/www.graciededieuavocats.com\/index.php?rest_route=\/wp\/v2\/pages\/19","targetHints":{"allow":["GET"]}}],"collection":[{"href":"https:\/\/www.graciededieuavocats.com\/index.php?rest_route=\/wp\/v2\/pages"}],"about":[{"href":"https:\/\/www.graciededieuavocats.com\/index.php?rest_route=\/wp\/v2\/types\/page"}],"author":[{"embeddable":true,"href":"https:\/\/www.graciededieuavocats.com\/index.php?rest_route=\/wp\/v2\/users\/1"}],"replies":[{"embeddable":true,"href":"https:\/\/www.graciededieuavocats.com\/index.php?rest_route=%2Fwp%2Fv2%2Fcomments&post=19"}],"version-history":[{"count":0,"href":"https:\/\/www.graciededieuavocats.com\/index.php?rest_route=\/wp\/v2\/pages\/19\/revisions"}],"wp:attachment":[{"href":"https:\/\/www.graciededieuavocats.com\/index.php?rest_route=%2Fwp%2Fv2%2Fmedia&parent=19"}],"curies":[{"name":"wp","href":"https:\/\/api.w.org\/{rel}","templated":true}]}}