{"id":13,"date":"2020-10-23T16:09:31","date_gmt":"2020-10-23T14:09:31","guid":{"rendered":"http:\/\/www.graciededieuavocats.com\/?page_id=13"},"modified":"2023-03-10T17:57:26","modified_gmt":"2023-03-10T16:57:26","slug":"honoraires","status":"publish","type":"page","link":"https:\/\/www.graciededieuavocats.com\/?page_id=13","title":{"rendered":"Honoraires"},"content":{"rendered":"\n<h2 class=\"wp-block-heading\" style=\"font-size:34px\">HONORAIRES DE NOTRE CABINET et autres FRAIS<\/h2>\n\n\n\n<div style=\"height:20px\" aria-hidden=\"true\" class=\"wp-block-spacer\"><\/div>\n\n\n\n<div class=\"wp-block-media-text alignwide has-media-on-the-right is-stacked-on-mobile\" style=\"grid-template-columns:auto 23%\"><div class=\"wp-block-media-text__content\">\n<p>L\u2019avocat fixe <strong>librement<\/strong>&nbsp;ses honoraires <strong>en accord avec son client<\/strong>. <\/p>\n\n\n\n<p>Il n\u2019est soumis \u00e0 aucun bar\u00e8me au niveau national.<\/p>\n\n\n\n<p><strong>Le premier rendez-vous est gratuit.<\/strong><\/p>\n\n\n\n<p>D\u00e8s le d\u00e9but de la collaboration<strong> <\/strong>une<strong> convention d\u2019honoraires \u00e9crite&nbsp;<\/strong>est \u00e9tablie.<\/p>\n\n\n\n<p>Ce contrat outre le montant de la r\u00e9mun\u00e9ration pr\u00e9voit le <strong>remboursement<\/strong>&nbsp;des divers frais et d\u00e9bours (timbres fiscaux, frais de d\u00e9placements). <\/p>\n\n\n\n<p>Des frais de chancellerie&nbsp;sont factur\u00e9s en sus, en fin de proc\u00e9dure, \u00e0 la cl\u00f4ture du dossier. Ces derniers sont fix\u00e9s \u00e0 6% du montant des honoraires factur\u00e9s (hors honoraires de r\u00e9sultats).<\/p>\n<\/div><figure class=\"wp-block-media-text__media\"><img loading=\"lazy\" decoding=\"async\" width=\"257\" height=\"321\" src=\"https:\/\/www.graciededieuavocats.com\/wp-content\/uploads\/2023\/03\/fleurs.jpg\" alt=\"Fleurs\" class=\"wp-image-374 size-full\" srcset=\"https:\/\/www.graciededieuavocats.com\/wp-content\/uploads\/2023\/03\/fleurs.jpg 257w, https:\/\/www.graciededieuavocats.com\/wp-content\/uploads\/2023\/03\/fleurs-240x300.jpg 240w\" sizes=\"auto, (max-width: 257px) 100vw, 257px\" \/><\/figure><\/div>\n\n\n\n<div style=\"height:20px\" aria-hidden=\"true\" class=\"wp-block-spacer\"><\/div>\n\n\n\n<hr class=\"wp-block-separator has-css-opacity is-style-dots\"\/>\n\n\n\n<div style=\"height:20px\" aria-hidden=\"true\" class=\"wp-block-spacer\"><\/div>\n\n\n\n<p class=\"has-medium-font-size\"><strong>LES HONORAIRES PEUVENT \u00caTRE FIXES DE PLUSIEURS MANIERES&nbsp;:<\/strong><\/p>\n\n\n\n<ul class=\"wp-block-list\">\n<li><strong>Convention au temps pass\u00e9<\/strong>&nbsp;: il s\u2019agit de facturer le client selon le temps exact de travail sur le dossier. Le temps pass\u00e9 est justifi\u00e9 sur simple demande du client par la production de la fiche comptable retra\u00e7ant l\u2019int\u00e9gralit\u00e9 des diligences effectu\u00e9es. Le taux horaire est valid\u00e9 avec le client lors de l\u2019\u00e9laboration de la convention d\u2019honoraires. Le montant des honoraires d\u00e9pendra dans ce cas du temps consacr\u00e9 \u00e0 l\u2019affaire, de la nature et de la complexit\u00e9 de l\u2019affaire, de l\u2019importance des int\u00e9r\u00eats en cause, des avantages et du r\u00e9sultat obtenu, de la sp\u00e9cialisation de l\u2019avocat.<\/li>\n<\/ul>\n\n\n\n<ul class=\"wp-block-list\">\n<li><strong>Convention selon un forfait<\/strong>&nbsp;: il s\u2019agit dans ce cas de proposer au client un tarif fix\u00e9 \u00e0 l\u2019avance &nbsp;et de mani\u00e8re forfaitaire, et qui couvre globalement l\u2019ensemble de l\u2019intervention de l\u2019avocat. N\u00e9anmoins certains dossiers peuvent pr\u00e9senter des particularit\u00e9s qui rendront difficile la proposition de ce type d\u2019honoraires. La fixation pr\u00e9alable de l\u2019honoraires forfaitaire est notamment applicable en mati\u00e8re de conseil, et dans des mati\u00e8res juridiques (ex. \u00e9laboration\/r\u00e9daction de contrats divers, tels que baux commerciaux, constitution de soci\u00e9t\u00e9s, fusion-absorption, contrat de franchise, convention de tr\u00e9sorerie intra-groupe ou autres).<\/li>\n<\/ul>\n\n\n\n<ul class=\"wp-block-list\">\n<li><strong>Convention avec un honoraire de r\u00e9sultat&nbsp;<\/strong>: il peut \u00eatre propos\u00e9 au client pour des dossiers particuliers, de <strong>compl\u00e9ter <\/strong>l\u2019honoraire par une partie variable bas\u00e9e sur les gains r\u00e9alis\u00e9s ou sur les pertes \u00e9vit\u00e9es.<\/li>\n<\/ul>\n\n\n\n<ul class=\"wp-block-list\">\n<li><strong>Convention d\u2019abonnement&nbsp;<\/strong>: la soci\u00e9t\u00e9 b\u00e9n\u00e9ficie en contrepartie&nbsp;du versement d\u2019un forfait mensuel ou trimestriel d\u2019honoraires, de conseils pr\u00e9cis et d\u00e9termin\u00e9s en fonction des besoins de sa soci\u00e9t\u00e9 dans le cadre d\u2019un suivi juridique, mais \u00e9galement d\u2019assistance dans la n\u00e9gociation des contrats, et gestion des baux commerciaux, ou autres.<\/li>\n<\/ul>\n\n\n\n<div style=\"height:20px\" aria-hidden=\"true\" class=\"wp-block-spacer\"><\/div>\n\n\n\n<hr class=\"wp-block-separator has-css-opacity is-style-dots\"\/>\n\n\n\n<div style=\"height:20px\" aria-hidden=\"true\" class=\"wp-block-spacer\"><\/div>\n\n\n\n<p class=\"has-medium-font-size\"><strong>PETIT LEXIQUE DES HONORAIRES ET FRAIS<\/strong><strong><\/strong><\/p>\n\n\n\n<p><strong><u><strong>Les provisions sur frais et honoraires<\/strong><\/u><\/strong>&nbsp;: le versement <strong>pr\u00e9alable<\/strong>&nbsp;(\u00e0 la signature de la convention d\u2019honoraires,) d\u2019une provision \u00e0 <strong>valoir<\/strong>&nbsp;sur les frais et honoraires, conditionne le d\u00e9but de la mission. A d\u00e9faut de paiement de la provision demand\u00e9e, l\u2019avocat peut renoncer \u00e0 s\u2019occuper de l\u2019affaire.<\/p>\n\n\n\n<p><strong><u><strong>Les d\u00e9pens <\/strong><\/u><\/strong>sont limitativement \u00e9num\u00e9r\u00e9s par l\u2019article 695 du code de proc\u00e9dure civile (ex.r\u00e9mun\u00e9ration des techniciens tels qu\u2019experts judiciaires, droit de plaidoirie (13\u20ac), \u00e9moluments des huissiers de Justice\u2026). Le juge pr\u00e9cise obligatoirement qui doit en supporter la charge. En principe, elle est support\u00e9e par la partie qui succombe au litige, c\u2019est-\u00e0-dire la partie perdante.<\/p>\n\n\n\n<p><strong><u><strong>Les frais irr\u00e9p\u00e9tibles<\/strong><\/u><\/strong>&nbsp;(ou article 700 du CPP) sont les frais expos\u00e9s et non compris dans les d\u00e9pens (honoraires pay\u00e9s \u00e0 l\u2019avocat). Contrairement aux d\u00e9pens (rembours\u00e9s int\u00e9gralement), le juge tient compte de l\u2019\u00e9quit\u00e9 ou de la situation \u00e9conomique de la partie condamn\u00e9e (la condamnation aux frais irr\u00e9p\u00e9tibles est la plupart du temps, d\u2019un montant diff\u00e9rent des honoraires r\u00e9ellement pay\u00e9s et souvent inf\u00e9rieur). Le juge condamne en principe la partie qui succombe, mais, Il peut, d\u00e9cider qu\u2019il n\u2019y a pas lieu \u00e0 ces condamnations.<\/p>\n\n\n\n<p><strong><u><strong>Les frais de chancellerie&nbsp;<\/strong><\/u><\/strong>: les frais de chancellerie sont calcul\u00e9s selon un pourcentage sur le montant total des honoraires factur\u00e9s ils correspondent aux frais de papeteries divers (dossiers cabinet, dossier plaidoirie), affranchissement, entretien t\u00e9l\u00e9phonique ,\u2026.<\/p>\n","protected":false},"excerpt":{"rendered":"<p>HONORAIRES DE NOTRE CABINET et autres FRAIS L\u2019avocat fixe librement&nbsp;ses honoraires en accord avec son client. Il n\u2019est soumis \u00e0 aucun bar\u00e8me au niveau national. Le premier rendez-vous est gratuit. D\u00e8s le d\u00e9but de la collaboration une convention d\u2019honoraires \u00e9crite&nbsp;est \u00e9tablie. Ce contrat outre le montant de la r\u00e9mun\u00e9ration pr\u00e9voit le remboursement&nbsp;des divers frais et&hellip; <br \/> <a class=\"read-more\" href=\"https:\/\/www.graciededieuavocats.com\/?page_id=13\">Lire la suite<\/a><\/p>\n","protected":false},"author":1,"featured_media":0,"parent":0,"menu_order":0,"comment_status":"closed","ping_status":"closed","template":"","meta":{"footnotes":""},"class_list":["post-13","page","type-page","status-publish","hentry"],"yoast_head":"<!-- This site is optimized with the Yoast SEO plugin v25.5 - https:\/\/yoast.com\/wordpress\/plugins\/seo\/ -->\n<title>Honoraires - Arcavocats Cabinet Graci\u00e9-Dedieu<\/title>\n<meta name=\"robots\" content=\"index, follow, max-snippet:-1, max-image-preview:large, max-video-preview:-1\" \/>\n<link rel=\"canonical\" href=\"https:\/\/www.graciededieuavocats.com\/?page_id=13\" \/>\n<meta property=\"og:locale\" content=\"fr_FR\" \/>\n<meta property=\"og:type\" content=\"article\" \/>\n<meta property=\"og:title\" content=\"Honoraires - Arcavocats Cabinet Graci\u00e9-Dedieu\" \/>\n<meta property=\"og:description\" content=\"HONORAIRES DE NOTRE CABINET et autres FRAIS L\u2019avocat fixe librement&nbsp;ses honoraires en accord avec son client. Il n\u2019est soumis \u00e0 aucun bar\u00e8me au niveau national. Le premier rendez-vous est gratuit. D\u00e8s le d\u00e9but de la collaboration une convention d\u2019honoraires \u00e9crite&nbsp;est \u00e9tablie. Ce contrat outre le montant de la r\u00e9mun\u00e9ration pr\u00e9voit le remboursement&nbsp;des divers frais et&hellip; Lire la suite\" \/>\n<meta property=\"og:url\" content=\"https:\/\/www.graciededieuavocats.com\/?page_id=13\" \/>\n<meta property=\"og:site_name\" content=\"Arcavocats Cabinet Graci\u00e9-Dedieu\" \/>\n<meta property=\"article:modified_time\" content=\"2023-03-10T16:57:26+00:00\" \/>\n<meta property=\"og:image\" content=\"https:\/\/www.graciededieuavocats.com\/wp-content\/uploads\/2023\/03\/fleurs.jpg\" \/>\n<meta name=\"twitter:card\" content=\"summary_large_image\" \/>\n<meta name=\"twitter:label1\" content=\"Dur\u00e9e de lecture estim\u00e9e\" \/>\n\t<meta name=\"twitter:data1\" content=\"4 minutes\" \/>\n<script type=\"application\/ld+json\" class=\"yoast-schema-graph\">{\"@context\":\"https:\/\/schema.org\",\"@graph\":[{\"@type\":\"WebPage\",\"@id\":\"https:\/\/www.graciededieuavocats.com\/?page_id=13\",\"url\":\"https:\/\/www.graciededieuavocats.com\/?page_id=13\",\"name\":\"Honoraires - Arcavocats Cabinet Graci\u00e9-Dedieu\",\"isPartOf\":{\"@id\":\"https:\/\/www.graciededieuavocats.com\/#website\"},\"primaryImageOfPage\":{\"@id\":\"https:\/\/www.graciededieuavocats.com\/?page_id=13#primaryimage\"},\"image\":{\"@id\":\"https:\/\/www.graciededieuavocats.com\/?page_id=13#primaryimage\"},\"thumbnailUrl\":\"https:\/\/www.graciededieuavocats.com\/wp-content\/uploads\/2023\/03\/fleurs.jpg\",\"datePublished\":\"2020-10-23T14:09:31+00:00\",\"dateModified\":\"2023-03-10T16:57:26+00:00\",\"breadcrumb\":{\"@id\":\"https:\/\/www.graciededieuavocats.com\/?page_id=13#breadcrumb\"},\"inLanguage\":\"fr-FR\",\"potentialAction\":[{\"@type\":\"ReadAction\",\"target\":[\"https:\/\/www.graciededieuavocats.com\/?page_id=13\"]}]},{\"@type\":\"ImageObject\",\"inLanguage\":\"fr-FR\",\"@id\":\"https:\/\/www.graciededieuavocats.com\/?page_id=13#primaryimage\",\"url\":\"https:\/\/www.graciededieuavocats.com\/wp-content\/uploads\/2023\/03\/fleurs.jpg\",\"contentUrl\":\"https:\/\/www.graciededieuavocats.com\/wp-content\/uploads\/2023\/03\/fleurs.jpg\",\"width\":257,\"height\":321,\"caption\":\"Fleurs\"},{\"@type\":\"BreadcrumbList\",\"@id\":\"https:\/\/www.graciededieuavocats.com\/?page_id=13#breadcrumb\",\"itemListElement\":[{\"@type\":\"ListItem\",\"position\":1,\"name\":\"Accueil\",\"item\":\"https:\/\/www.graciededieuavocats.com\/\"},{\"@type\":\"ListItem\",\"position\":2,\"name\":\"Honoraires\"}]},{\"@type\":\"WebSite\",\"@id\":\"https:\/\/www.graciededieuavocats.com\/#website\",\"url\":\"https:\/\/www.graciededieuavocats.com\/\",\"name\":\"Arcavocats Cabinet Graci\u00e9-Dedieu\",\"description\":\"Avocate \u00e0 la cour\",\"potentialAction\":[{\"@type\":\"SearchAction\",\"target\":{\"@type\":\"EntryPoint\",\"urlTemplate\":\"https:\/\/www.graciededieuavocats.com\/?s={search_term_string}\"},\"query-input\":{\"@type\":\"PropertyValueSpecification\",\"valueRequired\":true,\"valueName\":\"search_term_string\"}}],\"inLanguage\":\"fr-FR\"}]}<\/script>\n<!-- \/ Yoast SEO plugin. -->","yoast_head_json":{"title":"Honoraires - Arcavocats Cabinet Graci\u00e9-Dedieu","robots":{"index":"index","follow":"follow","max-snippet":"max-snippet:-1","max-image-preview":"max-image-preview:large","max-video-preview":"max-video-preview:-1"},"canonical":"https:\/\/www.graciededieuavocats.com\/?page_id=13","og_locale":"fr_FR","og_type":"article","og_title":"Honoraires - Arcavocats Cabinet Graci\u00e9-Dedieu","og_description":"HONORAIRES DE NOTRE CABINET et autres FRAIS L\u2019avocat fixe librement&nbsp;ses honoraires en accord avec son client. Il n\u2019est soumis \u00e0 aucun bar\u00e8me au niveau national. Le premier rendez-vous est gratuit. D\u00e8s le d\u00e9but de la collaboration une convention d\u2019honoraires \u00e9crite&nbsp;est \u00e9tablie. Ce contrat outre le montant de la r\u00e9mun\u00e9ration pr\u00e9voit le remboursement&nbsp;des divers frais et&hellip; Lire la suite","og_url":"https:\/\/www.graciededieuavocats.com\/?page_id=13","og_site_name":"Arcavocats Cabinet Graci\u00e9-Dedieu","article_modified_time":"2023-03-10T16:57:26+00:00","og_image":[{"url":"https:\/\/www.graciededieuavocats.com\/wp-content\/uploads\/2023\/03\/fleurs.jpg","type":"","width":"","height":""}],"twitter_card":"summary_large_image","twitter_misc":{"Dur\u00e9e de lecture estim\u00e9e":"4 minutes"},"schema":{"@context":"https:\/\/schema.org","@graph":[{"@type":"WebPage","@id":"https:\/\/www.graciededieuavocats.com\/?page_id=13","url":"https:\/\/www.graciededieuavocats.com\/?page_id=13","name":"Honoraires - Arcavocats Cabinet Graci\u00e9-Dedieu","isPartOf":{"@id":"https:\/\/www.graciededieuavocats.com\/#website"},"primaryImageOfPage":{"@id":"https:\/\/www.graciededieuavocats.com\/?page_id=13#primaryimage"},"image":{"@id":"https:\/\/www.graciededieuavocats.com\/?page_id=13#primaryimage"},"thumbnailUrl":"https:\/\/www.graciededieuavocats.com\/wp-content\/uploads\/2023\/03\/fleurs.jpg","datePublished":"2020-10-23T14:09:31+00:00","dateModified":"2023-03-10T16:57:26+00:00","breadcrumb":{"@id":"https:\/\/www.graciededieuavocats.com\/?page_id=13#breadcrumb"},"inLanguage":"fr-FR","potentialAction":[{"@type":"ReadAction","target":["https:\/\/www.graciededieuavocats.com\/?page_id=13"]}]},{"@type":"ImageObject","inLanguage":"fr-FR","@id":"https:\/\/www.graciededieuavocats.com\/?page_id=13#primaryimage","url":"https:\/\/www.graciededieuavocats.com\/wp-content\/uploads\/2023\/03\/fleurs.jpg","contentUrl":"https:\/\/www.graciededieuavocats.com\/wp-content\/uploads\/2023\/03\/fleurs.jpg","width":257,"height":321,"caption":"Fleurs"},{"@type":"BreadcrumbList","@id":"https:\/\/www.graciededieuavocats.com\/?page_id=13#breadcrumb","itemListElement":[{"@type":"ListItem","position":1,"name":"Accueil","item":"https:\/\/www.graciededieuavocats.com\/"},{"@type":"ListItem","position":2,"name":"Honoraires"}]},{"@type":"WebSite","@id":"https:\/\/www.graciededieuavocats.com\/#website","url":"https:\/\/www.graciededieuavocats.com\/","name":"Arcavocats Cabinet Graci\u00e9-Dedieu","description":"Avocate \u00e0 la cour","potentialAction":[{"@type":"SearchAction","target":{"@type":"EntryPoint","urlTemplate":"https:\/\/www.graciededieuavocats.com\/?s={search_term_string}"},"query-input":{"@type":"PropertyValueSpecification","valueRequired":true,"valueName":"search_term_string"}}],"inLanguage":"fr-FR"}]}},"_links":{"self":[{"href":"https:\/\/www.graciededieuavocats.com\/index.php?rest_route=\/wp\/v2\/pages\/13","targetHints":{"allow":["GET"]}}],"collection":[{"href":"https:\/\/www.graciededieuavocats.com\/index.php?rest_route=\/wp\/v2\/pages"}],"about":[{"href":"https:\/\/www.graciededieuavocats.com\/index.php?rest_route=\/wp\/v2\/types\/page"}],"author":[{"embeddable":true,"href":"https:\/\/www.graciededieuavocats.com\/index.php?rest_route=\/wp\/v2\/users\/1"}],"replies":[{"embeddable":true,"href":"https:\/\/www.graciededieuavocats.com\/index.php?rest_route=%2Fwp%2Fv2%2Fcomments&post=13"}],"version-history":[{"count":0,"href":"https:\/\/www.graciededieuavocats.com\/index.php?rest_route=\/wp\/v2\/pages\/13\/revisions"}],"wp:attachment":[{"href":"https:\/\/www.graciededieuavocats.com\/index.php?rest_route=%2Fwp%2Fv2%2Fmedia&parent=13"}],"curies":[{"name":"wp","href":"https:\/\/api.w.org\/{rel}","templated":true}]}}